{"id":106,"date":"2024-11-27T17:20:13","date_gmt":"2024-11-27T16:20:13","guid":{"rendered":"https:\/\/diaper-dreams.fr\/?page_id=106"},"modified":"2025-09-09T20:26:41","modified_gmt":"2025-09-09T19:26:41","slug":"e","status":"publish","type":"page","link":"https:\/\/diaper-dreams.fr\/en\/e\/","title":{"rendered":"Events"},"content":{"rendered":"<p>Here is the list of events.<\/p>","protected":false},"excerpt":{"rendered":"<p>Here is the list of events.<\/p>","protected":false},"author":1,"featured_media":0,"parent":0,"menu_order":15,"comment_status":"closed","ping_status":"closed","template":"page-events.php","meta":{"footnotes":""},"class_list":["post-106","page","type-page","status-publish","hentry"],"yoast_head":"<!-- This site is optimized with the Yoast SEO plugin v27.5 - https:\/\/yoast.com\/product\/yoast-seo-wordpress\/ -->\n<title>\u00c9v\u00e9nements - Diaper Dreams<\/title>\n<meta name=\"robots\" content=\"index, follow, max-snippet:-1, max-image-preview:large, max-video-preview:-1\" \/>\n<link rel=\"canonical\" href=\"https:\/\/diaper-dreams.fr\/en\/e\/\" \/>\n<meta property=\"og:locale\" content=\"en_US\" \/>\n<meta property=\"og:type\" content=\"article\" \/>\n<meta property=\"og:title\" content=\"\u00c9v\u00e9nements - Diaper Dreams\" \/>\n<meta property=\"og:description\" content=\"Voici la liste des \u00e9v\u00e9nements.\" \/>\n<meta property=\"og:url\" content=\"https:\/\/diaper-dreams.fr\/en\/e\/\" \/>\n<meta property=\"og:site_name\" content=\"Diaper Dreams\" \/>\n<meta property=\"article:publisher\" content=\"https:\/\/www.instagram.com\/abdl_fr_breizh\/\" \/>\n<meta property=\"article:modified_time\" content=\"2025-09-09T19:26:41+00:00\" \/>\n<meta name=\"twitter:card\" content=\"summary_large_image\" \/>\n<meta name=\"twitter:label1\" content=\"Est. reading time\" \/>\n\t<meta name=\"twitter:data1\" content=\"1 minute\" \/>\n<script type=\"application\/ld+json\" class=\"yoast-schema-graph\">{\"@context\":\"https:\\\/\\\/schema.org\",\"@graph\":[{\"@type\":\"WebPage\",\"@id\":\"https:\\\/\\\/diaper-dreams.fr\\\/e\\\/\",\"url\":\"https:\\\/\\\/diaper-dreams.fr\\\/e\\\/\",\"name\":\"\u00c9v\u00e9nements - Diaper Dreams\",\"isPartOf\":{\"@id\":\"https:\\\/\\\/diaper-dreams.fr\\\/#website\"},\"datePublished\":\"2024-11-27T16:20:13+00:00\",\"dateModified\":\"2025-09-09T19:26:41+00:00\",\"breadcrumb\":{\"@id\":\"https:\\\/\\\/diaper-dreams.fr\\\/e\\\/#breadcrumb\"},\"inLanguage\":\"en-US\",\"potentialAction\":[{\"@type\":\"ReadAction\",\"target\":[\"https:\\\/\\\/diaper-dreams.fr\\\/e\\\/\"]}]},{\"@type\":\"BreadcrumbList\",\"@id\":\"https:\\\/\\\/diaper-dreams.fr\\\/e\\\/#breadcrumb\",\"itemListElement\":[{\"@type\":\"ListItem\",\"position\":1,\"name\":\"Home\",\"item\":\"https:\\\/\\\/diaper-dreams.fr\\\/\"},{\"@type\":\"ListItem\",\"position\":2,\"name\":\"\u00c9v\u00e9nements\"}]},{\"@type\":\"WebSite\",\"@id\":\"https:\\\/\\\/diaper-dreams.fr\\\/#website\",\"url\":\"https:\\\/\\\/diaper-dreams.fr\\\/\",\"name\":\"Diaper Dreams\",\"description\":\"L&#039;Univers ABDL - Ressources, Conseils et \u00c9v\u00e9nements\",\"publisher\":{\"@id\":\"https:\\\/\\\/diaper-dreams.fr\\\/#organization\"},\"potentialAction\":[{\"@type\":\"SearchAction\",\"target\":{\"@type\":\"EntryPoint\",\"urlTemplate\":\"https:\\\/\\\/diaper-dreams.fr\\\/?s={search_term_string}\"},\"query-input\":{\"@type\":\"PropertyValueSpecification\",\"valueRequired\":true,\"valueName\":\"search_term_string\"}}],\"inLanguage\":\"en-US\"},{\"@type\":\"Organization\",\"@id\":\"https:\\\/\\\/diaper-dreams.fr\\\/#organization\",\"name\":\"Diaper Dreams\",\"url\":\"https:\\\/\\\/diaper-dreams.fr\\\/\",\"logo\":{\"@type\":\"ImageObject\",\"inLanguage\":\"en-US\",\"@id\":\"https:\\\/\\\/diaper-dreams.fr\\\/#\\\/schema\\\/logo\\\/image\\\/\",\"url\":\"https:\\\/\\\/i0.wp.com\\\/diaper-dreams.fr\\\/wp-content\\\/uploads\\\/2025\\\/09\\\/cropped-logo-dreams-20250920071558_original.png?fit=1998%2C1111&ssl=1\",\"contentUrl\":\"https:\\\/\\\/i0.wp.com\\\/diaper-dreams.fr\\\/wp-content\\\/uploads\\\/2025\\\/09\\\/cropped-logo-dreams-20250920071558_original.png?fit=1998%2C1111&ssl=1\",\"width\":1998,\"height\":1111,\"caption\":\"Diaper Dreams\"},\"image\":{\"@id\":\"https:\\\/\\\/diaper-dreams.fr\\\/#\\\/schema\\\/logo\\\/image\\\/\"},\"sameAs\":[\"https:\\\/\\\/www.instagram.com\\\/abdl_fr_breizh\\\/\",\"https:\\\/\\\/linktr.ee\\\/abdl_breizh\"]}]}<\/script>\n<!-- \/ Yoast SEO plugin. -->","yoast_head_json":{"title":"Events - Diaper Dreams","robots":{"index":"index","follow":"follow","max-snippet":"max-snippet:-1","max-image-preview":"max-image-preview:large","max-video-preview":"max-video-preview:-1"},"canonical":"https:\/\/diaper-dreams.fr\/en\/e\/","og_locale":"en_US","og_type":"article","og_title":"\u00c9v\u00e9nements - Diaper Dreams","og_description":"Voici la liste des \u00e9v\u00e9nements.","og_url":"https:\/\/diaper-dreams.fr\/en\/e\/","og_site_name":"Diaper Dreams","article_publisher":"https:\/\/www.instagram.com\/abdl_fr_breizh\/","article_modified_time":"2025-09-09T19:26:41+00:00","twitter_card":"summary_large_image","twitter_misc":{"Est. reading time":"1 minute"},"schema":{"@context":"https:\/\/schema.org","@graph":[{"@type":"WebPage","@id":"https:\/\/diaper-dreams.fr\/e\/","url":"https:\/\/diaper-dreams.fr\/e\/","name":"Events - Diaper Dreams","isPartOf":{"@id":"https:\/\/diaper-dreams.fr\/#website"},"datePublished":"2024-11-27T16:20:13+00:00","dateModified":"2025-09-09T19:26:41+00:00","breadcrumb":{"@id":"https:\/\/diaper-dreams.fr\/e\/#breadcrumb"},"inLanguage":"en-US","potentialAction":[{"@type":"ReadAction","target":["https:\/\/diaper-dreams.fr\/e\/"]}]},{"@type":"BreadcrumbList","@id":"https:\/\/diaper-dreams.fr\/e\/#breadcrumb","itemListElement":[{"@type":"ListItem","position":1,"name":"Home","item":"https:\/\/diaper-dreams.fr\/"},{"@type":"ListItem","position":2,"name":"\u00c9v\u00e9nements"}]},{"@type":"WebSite","@id":"https:\/\/diaper-dreams.fr\/#website","url":"https:\/\/diaper-dreams.fr\/","name":"Diaper Dreams","description":"ABDL Universe - Resources, Tips and Events","publisher":{"@id":"https:\/\/diaper-dreams.fr\/#organization"},"potentialAction":[{"@type":"SearchAction","target":{"@type":"EntryPoint","urlTemplate":"https:\/\/diaper-dreams.fr\/?s={search_term_string}"},"query-input":{"@type":"PropertyValueSpecification","valueRequired":true,"valueName":"search_term_string"}}],"inLanguage":"en-US"},{"@type":"Organization","@id":"https:\/\/diaper-dreams.fr\/#organization","name":"Diaper Dreams","url":"https:\/\/diaper-dreams.fr\/","logo":{"@type":"ImageObject","inLanguage":"en-US","@id":"https:\/\/diaper-dreams.fr\/#\/schema\/logo\/image\/","url":"https:\/\/i0.wp.com\/diaper-dreams.fr\/wp-content\/uploads\/2025\/09\/cropped-logo-dreams-20250920071558_original.png?fit=1998%2C1111&ssl=1","contentUrl":"https:\/\/i0.wp.com\/diaper-dreams.fr\/wp-content\/uploads\/2025\/09\/cropped-logo-dreams-20250920071558_original.png?fit=1998%2C1111&ssl=1","width":1998,"height":1111,"caption":"Diaper Dreams"},"image":{"@id":"https:\/\/diaper-dreams.fr\/#\/schema\/logo\/image\/"},"sameAs":["https:\/\/www.instagram.com\/abdl_fr_breizh\/","https:\/\/linktr.ee\/abdl_breizh"]}]}},"jetpack_sharing_enabled":true,"_links":{"self":[{"href":"https:\/\/diaper-dreams.fr\/en\/wp-json\/wp\/v2\/pages\/106","targetHints":{"allow":["GET"]}}],"collection":[{"href":"https:\/\/diaper-dreams.fr\/en\/wp-json\/wp\/v2\/pages"}],"about":[{"href":"https:\/\/diaper-dreams.fr\/en\/wp-json\/wp\/v2\/types\/page"}],"author":[{"embeddable":true,"href":"https:\/\/diaper-dreams.fr\/en\/wp-json\/wp\/v2\/users\/1"}],"replies":[{"embeddable":true,"href":"https:\/\/diaper-dreams.fr\/en\/wp-json\/wp\/v2\/comments?post=106"}],"version-history":[{"count":1,"href":"https:\/\/diaper-dreams.fr\/en\/wp-json\/wp\/v2\/pages\/106\/revisions"}],"predecessor-version":[{"id":107,"href":"https:\/\/diaper-dreams.fr\/en\/wp-json\/wp\/v2\/pages\/106\/revisions\/107"}],"wp:attachment":[{"href":"https:\/\/diaper-dreams.fr\/en\/wp-json\/wp\/v2\/media?parent=106"}],"curies":[{"name":"wp","href":"https:\/\/api.w.org\/{rel}","templated":true}]}}