{"id":132,"date":"2024-12-07T18:21:52","date_gmt":"2024-12-07T17:21:52","guid":{"rendered":"https:\/\/diaper-dreams.fr\/?page_id=132"},"modified":"2024-12-08T00:54:35","modified_gmt":"2024-12-07T23:54:35","slug":"sexologue-abdl","status":"publish","type":"page","link":"https:\/\/diaper-dreams.fr\/en\/r\/sexologue-abdl\/","title":{"rendered":"Sexologist and ABDL"},"content":{"rendered":"<div class=\"wp-block-image\">\n<figure class=\"aligncenter size-full is-resized\"><img data-recalc-dims=\"1\" loading=\"lazy\" decoding=\"async\" width=\"220\" height=\"70\" data-attachment-id=\"133\" data-permalink=\"https:\/\/diaper-dreams.fr\/en\/r\/sexologue-abdl\/image\/\" data-orig-file=\"https:\/\/i0.wp.com\/diaper-dreams.fr\/wp-content\/uploads\/2024\/12\/image.png?fit=220%2C70&amp;ssl=1\" data-orig-size=\"220,70\" data-comments-opened=\"1\" data-image-meta=\"{&quot;aperture&quot;:&quot;0&quot;,&quot;credit&quot;:&quot;&quot;,&quot;camera&quot;:&quot;&quot;,&quot;caption&quot;:&quot;&quot;,&quot;created_timestamp&quot;:&quot;0&quot;,&quot;copyright&quot;:&quot;&quot;,&quot;focal_length&quot;:&quot;0&quot;,&quot;iso&quot;:&quot;0&quot;,&quot;shutter_speed&quot;:&quot;0&quot;,&quot;title&quot;:&quot;&quot;,&quot;orientation&quot;:&quot;0&quot;}\" data-image-title=\"image\" data-image-description=\"\" data-image-caption=\"\" data-large-file=\"https:\/\/i0.wp.com\/diaper-dreams.fr\/wp-content\/uploads\/2024\/12\/image.png?fit=220%2C70&amp;ssl=1\" src=\"https:\/\/i0.wp.com\/diaper-dreams.fr\/wp-content\/uploads\/2024\/12\/image.png?resize=220%2C70&#038;ssl=1\" alt=\"\" class=\"wp-image-133\" style=\"width:218px;height:auto\"\/><\/figure>\n<\/div>\n\n\n<p>Sometimes, accepting kinks and ABDL within a relationship can be a real challenge. What can you do when one partner doesn\u2019t understand or outright rejects this aspect of your personality? This is a question many people navigating fetishes or alternative practices seek answers to.<\/p>\n\n\n\n<h4 class=\"wp-block-heading\">Sin Eden: a sexologist specializing in kinks and ABDL<\/h4>\n\n\n\n<p>Sin Eden is a sex therapist and coach recognized for her caring approach and expertise in the fields of kinks and fetishes, including ABDL. Her method is based on listening, acceptance and practical tools to better live one&#039;s sexuality and particularities within a couple or as an individual.<\/p>\n\n\n\n<p>With extensive experience in this field, Sin Eden helps her clients overcome shame, assert themselves and build better communication with their partners. She offers personalized consultations online or in office.<\/p>\n\n\n\n<p><a href=\"https:\/\/www.sinedensublime.com\/\">\ud83d\udc49 <strong>Discover the Sin Eden website here<\/strong><\/a><\/p>\n\n\n\n<h3 class=\"wp-block-heading\"><strong>An inspiring testimony<\/strong><\/h3>\n\n\n\n<p>Here is a story from an ABDL friend who consulted Sin Eden:<\/p>\n\n\n\n<p><em>This short text is to share a testimony\u2014my testimony. I discovered Sin Eden on YouTube. After much reflection and years of mental torment, asking myself questions like \"Am I normal?\" and \"This can't be right; do I have a problem?\", I finally decided to consult this sex therapist.  \n\nIt was, I believe, one of the best decisions of my life. She helped me partially understand who I was and accept that my kinks are an integral part of me and not something I should be ashamed of. I didn\u2019t have to live in fear and shame for being ABDL and sissy.  \n\nShe provided me with tools for reflection, as well as practical solutions, particularly for expressing and embracing my kinks\u2014not just for myself, but also within my relationship, which I had thought was impossible.  \n\nI still have a lot of work to do, which is why I\u2019m continuing therapy, and I wholeheartedly recommend Sin Eden as a therapist.<\/em><\/p>\n\n\n\n<p class=\"has-text-align-right\"><em>@little_baby_french2<\/em><\/p>\n\n\n\n<p><strong>To learn more<\/strong><\/p>\n\n\n\n<p>If you want to better understand the challenges and solutions related to kinks in relationships, I invite you to watch my interview with Sin Eden on my YouTube channel. In this video, we discuss topics such as acceptance, communication, and the steps to overcome these obstacles together.<\/p>\n\n\n\n<figure class=\"wp-block-embed is-type-video is-provider-youtube wp-block-embed-youtube wp-embed-aspect-16-9 wp-has-aspect-ratio\"><div class=\"wp-block-embed__wrapper\">\n<iframe loading=\"lazy\" title=\"ABDL and couples: ADVICE from SIN EDEN, sexologist\" width=\"605\" height=\"340\" src=\"https:\/\/www.youtube.com\/embed\/WIe7cytRX7w?feature=oembed\" frameborder=\"0\" allow=\"accelerometer; autoplay; clipboard-write; encrypted-media; gyroscope; picture-in-picture; web-share\" referrerpolicy=\"strict-origin-when-cross-origin\" allowfullscreen><\/iframe>\n<\/div><\/figure>","protected":false},"excerpt":{"rendered":"<p>Sometimes accepting kinks and ABDL in a relationship can be a real challenge. What do you do when one partner doesn&#039;t understand or rejects this aspect of your personality? This is a question that many \u2026<\/p>\n<p class=\"read-more\"> <a class=\"more-link\" href=\"https:\/\/diaper-dreams.fr\/en\/r\/sexologue-abdl\/\"> <span class=\"screen-reader-text\">Sexologist and ABDL<\/span> Read More \u00bb<\/a><\/p>","protected":false},"author":1,"featured_media":0,"parent":13,"menu_order":20,"comment_status":"closed","ping_status":"closed","template":"","meta":{"footnotes":""},"class_list":["post-132","page","type-page","status-publish","hentry"],"yoast_head":"<!-- This site is optimized with the Yoast SEO plugin v27.5 - https:\/\/yoast.com\/product\/yoast-seo-wordpress\/ -->\n<title>Sexologue et ABDL - Diaper Dreams<\/title>\n<meta name=\"description\" content=\"T\u00e9moignages, ressources et interview de Sin Eden, sexologue sp\u00e9cialis\u00e9e dans les kinks et l\u2019ABDL.\" \/>\n<meta name=\"robots\" content=\"index, follow, max-snippet:-1, max-image-preview:large, max-video-preview:-1\" \/>\n<link rel=\"canonical\" href=\"https:\/\/diaper-dreams.fr\/en\/r\/sexologue-abdl\/\" \/>\n<meta property=\"og:locale\" content=\"en_US\" \/>\n<meta property=\"og:type\" content=\"article\" \/>\n<meta property=\"og:title\" content=\"Sexologue et ABDL - Diaper Dreams\" \/>\n<meta property=\"og:description\" content=\"T\u00e9moignages, ressources et interview de Sin Eden, sexologue sp\u00e9cialis\u00e9e dans les kinks et l\u2019ABDL.\" \/>\n<meta property=\"og:url\" content=\"https:\/\/diaper-dreams.fr\/en\/r\/sexologue-abdl\/\" \/>\n<meta property=\"og:site_name\" content=\"Diaper Dreams\" \/>\n<meta property=\"article:publisher\" content=\"https:\/\/www.instagram.com\/abdl_fr_breizh\/\" \/>\n<meta property=\"article:modified_time\" content=\"2024-12-07T23:54:35+00:00\" \/>\n<meta property=\"og:image\" content=\"https:\/\/diaper-dreams.fr\/wp-content\/uploads\/2024\/12\/image.png\" \/>\n<meta name=\"twitter:card\" content=\"summary_large_image\" \/>\n<meta name=\"twitter:label1\" content=\"Est. reading time\" \/>\n\t<meta name=\"twitter:data1\" content=\"3 minutes\" \/>\n<script type=\"application\/ld+json\" class=\"yoast-schema-graph\">{\"@context\":\"https:\\\/\\\/schema.org\",\"@graph\":[{\"@type\":\"WebPage\",\"@id\":\"https:\\\/\\\/diaper-dreams.fr\\\/r\\\/sexologue-abdl\\\/\",\"url\":\"https:\\\/\\\/diaper-dreams.fr\\\/r\\\/sexologue-abdl\\\/\",\"name\":\"Sexologue et ABDL - Diaper Dreams\",\"isPartOf\":{\"@id\":\"https:\\\/\\\/diaper-dreams.fr\\\/#website\"},\"primaryImageOfPage\":{\"@id\":\"https:\\\/\\\/diaper-dreams.fr\\\/r\\\/sexologue-abdl\\\/#primaryimage\"},\"image\":{\"@id\":\"https:\\\/\\\/diaper-dreams.fr\\\/r\\\/sexologue-abdl\\\/#primaryimage\"},\"thumbnailUrl\":\"https:\\\/\\\/diaper-dreams.fr\\\/wp-content\\\/uploads\\\/2024\\\/12\\\/image.png\",\"datePublished\":\"2024-12-07T17:21:52+00:00\",\"dateModified\":\"2024-12-07T23:54:35+00:00\",\"description\":\"T\u00e9moignages, ressources et interview de Sin Eden, sexologue sp\u00e9cialis\u00e9e dans les kinks et l\u2019ABDL.\",\"breadcrumb\":{\"@id\":\"https:\\\/\\\/diaper-dreams.fr\\\/r\\\/sexologue-abdl\\\/#breadcrumb\"},\"inLanguage\":\"en-US\",\"potentialAction\":[{\"@type\":\"ReadAction\",\"target\":[\"https:\\\/\\\/diaper-dreams.fr\\\/r\\\/sexologue-abdl\\\/\"]}]},{\"@type\":\"ImageObject\",\"inLanguage\":\"en-US\",\"@id\":\"https:\\\/\\\/diaper-dreams.fr\\\/r\\\/sexologue-abdl\\\/#primaryimage\",\"url\":\"https:\\\/\\\/diaper-dreams.fr\\\/wp-content\\\/uploads\\\/2024\\\/12\\\/image.png\",\"contentUrl\":\"https:\\\/\\\/diaper-dreams.fr\\\/wp-content\\\/uploads\\\/2024\\\/12\\\/image.png\"},{\"@type\":\"BreadcrumbList\",\"@id\":\"https:\\\/\\\/diaper-dreams.fr\\\/r\\\/sexologue-abdl\\\/#breadcrumb\",\"itemListElement\":[{\"@type\":\"ListItem\",\"position\":1,\"name\":\"Home\",\"item\":\"https:\\\/\\\/diaper-dreams.fr\\\/\"},{\"@type\":\"ListItem\",\"position\":2,\"name\":\"Ressources\",\"item\":\"https:\\\/\\\/diaper-dreams.fr\\\/r\\\/\"},{\"@type\":\"ListItem\",\"position\":3,\"name\":\"Sexologue et ABDL\"}]},{\"@type\":\"WebSite\",\"@id\":\"https:\\\/\\\/diaper-dreams.fr\\\/#website\",\"url\":\"https:\\\/\\\/diaper-dreams.fr\\\/\",\"name\":\"Diaper Dreams\",\"description\":\"L&#039;Univers ABDL - Ressources, Conseils et \u00c9v\u00e9nements\",\"publisher\":{\"@id\":\"https:\\\/\\\/diaper-dreams.fr\\\/#organization\"},\"potentialAction\":[{\"@type\":\"SearchAction\",\"target\":{\"@type\":\"EntryPoint\",\"urlTemplate\":\"https:\\\/\\\/diaper-dreams.fr\\\/?s={search_term_string}\"},\"query-input\":{\"@type\":\"PropertyValueSpecification\",\"valueRequired\":true,\"valueName\":\"search_term_string\"}}],\"inLanguage\":\"en-US\"},{\"@type\":\"Organization\",\"@id\":\"https:\\\/\\\/diaper-dreams.fr\\\/#organization\",\"name\":\"Diaper Dreams\",\"url\":\"https:\\\/\\\/diaper-dreams.fr\\\/\",\"logo\":{\"@type\":\"ImageObject\",\"inLanguage\":\"en-US\",\"@id\":\"https:\\\/\\\/diaper-dreams.fr\\\/#\\\/schema\\\/logo\\\/image\\\/\",\"url\":\"https:\\\/\\\/i0.wp.com\\\/diaper-dreams.fr\\\/wp-content\\\/uploads\\\/2025\\\/09\\\/cropped-logo-dreams-20250920071558_original.png?fit=1998%2C1111&ssl=1\",\"contentUrl\":\"https:\\\/\\\/i0.wp.com\\\/diaper-dreams.fr\\\/wp-content\\\/uploads\\\/2025\\\/09\\\/cropped-logo-dreams-20250920071558_original.png?fit=1998%2C1111&ssl=1\",\"width\":1998,\"height\":1111,\"caption\":\"Diaper Dreams\"},\"image\":{\"@id\":\"https:\\\/\\\/diaper-dreams.fr\\\/#\\\/schema\\\/logo\\\/image\\\/\"},\"sameAs\":[\"https:\\\/\\\/www.instagram.com\\\/abdl_fr_breizh\\\/\",\"https:\\\/\\\/linktr.ee\\\/abdl_breizh\"]}]}<\/script>\n<!-- \/ Yoast SEO plugin. -->","yoast_head_json":{"title":"Sexologist and ABDL - Diaper Dreams","description":"Testimonials, resources, and an interview with Sin Eden, a sexologist specializing in kinks and ABDL.","robots":{"index":"index","follow":"follow","max-snippet":"max-snippet:-1","max-image-preview":"max-image-preview:large","max-video-preview":"max-video-preview:-1"},"canonical":"https:\/\/diaper-dreams.fr\/en\/r\/sexologue-abdl\/","og_locale":"en_US","og_type":"article","og_title":"Sexologue et ABDL - Diaper Dreams","og_description":"T\u00e9moignages, ressources et interview de Sin Eden, sexologue sp\u00e9cialis\u00e9e dans les kinks et l\u2019ABDL.","og_url":"https:\/\/diaper-dreams.fr\/en\/r\/sexologue-abdl\/","og_site_name":"Diaper Dreams","article_publisher":"https:\/\/www.instagram.com\/abdl_fr_breizh\/","article_modified_time":"2024-12-07T23:54:35+00:00","og_image":[{"url":"https:\/\/diaper-dreams.fr\/wp-content\/uploads\/2024\/12\/image.png","type":"","width":"","height":""}],"twitter_card":"summary_large_image","twitter_misc":{"Est. reading time":"3 minutes"},"schema":{"@context":"https:\/\/schema.org","@graph":[{"@type":"WebPage","@id":"https:\/\/diaper-dreams.fr\/r\/sexologue-abdl\/","url":"https:\/\/diaper-dreams.fr\/r\/sexologue-abdl\/","name":"Sexologist and ABDL - Diaper Dreams","isPartOf":{"@id":"https:\/\/diaper-dreams.fr\/#website"},"primaryImageOfPage":{"@id":"https:\/\/diaper-dreams.fr\/r\/sexologue-abdl\/#primaryimage"},"image":{"@id":"https:\/\/diaper-dreams.fr\/r\/sexologue-abdl\/#primaryimage"},"thumbnailUrl":"https:\/\/diaper-dreams.fr\/wp-content\/uploads\/2024\/12\/image.png","datePublished":"2024-12-07T17:21:52+00:00","dateModified":"2024-12-07T23:54:35+00:00","description":"Testimonials, resources, and an interview with Sin Eden, a sexologist specializing in kinks and ABDL.","breadcrumb":{"@id":"https:\/\/diaper-dreams.fr\/r\/sexologue-abdl\/#breadcrumb"},"inLanguage":"en-US","potentialAction":[{"@type":"ReadAction","target":["https:\/\/diaper-dreams.fr\/r\/sexologue-abdl\/"]}]},{"@type":"ImageObject","inLanguage":"en-US","@id":"https:\/\/diaper-dreams.fr\/r\/sexologue-abdl\/#primaryimage","url":"https:\/\/diaper-dreams.fr\/wp-content\/uploads\/2024\/12\/image.png","contentUrl":"https:\/\/diaper-dreams.fr\/wp-content\/uploads\/2024\/12\/image.png"},{"@type":"BreadcrumbList","@id":"https:\/\/diaper-dreams.fr\/r\/sexologue-abdl\/#breadcrumb","itemListElement":[{"@type":"ListItem","position":1,"name":"Home","item":"https:\/\/diaper-dreams.fr\/"},{"@type":"ListItem","position":2,"name":"Ressources","item":"https:\/\/diaper-dreams.fr\/r\/"},{"@type":"ListItem","position":3,"name":"Sexologue et ABDL"}]},{"@type":"WebSite","@id":"https:\/\/diaper-dreams.fr\/#website","url":"https:\/\/diaper-dreams.fr\/","name":"Diaper Dreams","description":"ABDL Universe - Resources, Tips and Events","publisher":{"@id":"https:\/\/diaper-dreams.fr\/#organization"},"potentialAction":[{"@type":"SearchAction","target":{"@type":"EntryPoint","urlTemplate":"https:\/\/diaper-dreams.fr\/?s={search_term_string}"},"query-input":{"@type":"PropertyValueSpecification","valueRequired":true,"valueName":"search_term_string"}}],"inLanguage":"en-US"},{"@type":"Organization","@id":"https:\/\/diaper-dreams.fr\/#organization","name":"Diaper Dreams","url":"https:\/\/diaper-dreams.fr\/","logo":{"@type":"ImageObject","inLanguage":"en-US","@id":"https:\/\/diaper-dreams.fr\/#\/schema\/logo\/image\/","url":"https:\/\/i0.wp.com\/diaper-dreams.fr\/wp-content\/uploads\/2025\/09\/cropped-logo-dreams-20250920071558_original.png?fit=1998%2C1111&ssl=1","contentUrl":"https:\/\/i0.wp.com\/diaper-dreams.fr\/wp-content\/uploads\/2025\/09\/cropped-logo-dreams-20250920071558_original.png?fit=1998%2C1111&ssl=1","width":1998,"height":1111,"caption":"Diaper Dreams"},"image":{"@id":"https:\/\/diaper-dreams.fr\/#\/schema\/logo\/image\/"},"sameAs":["https:\/\/www.instagram.com\/abdl_fr_breizh\/","https:\/\/linktr.ee\/abdl_breizh"]}]}},"jetpack_sharing_enabled":true,"_links":{"self":[{"href":"https:\/\/diaper-dreams.fr\/en\/wp-json\/wp\/v2\/pages\/132","targetHints":{"allow":["GET"]}}],"collection":[{"href":"https:\/\/diaper-dreams.fr\/en\/wp-json\/wp\/v2\/pages"}],"about":[{"href":"https:\/\/diaper-dreams.fr\/en\/wp-json\/wp\/v2\/types\/page"}],"author":[{"embeddable":true,"href":"https:\/\/diaper-dreams.fr\/en\/wp-json\/wp\/v2\/users\/1"}],"replies":[{"embeddable":true,"href":"https:\/\/diaper-dreams.fr\/en\/wp-json\/wp\/v2\/comments?post=132"}],"version-history":[{"count":2,"href":"https:\/\/diaper-dreams.fr\/en\/wp-json\/wp\/v2\/pages\/132\/revisions"}],"predecessor-version":[{"id":136,"href":"https:\/\/diaper-dreams.fr\/en\/wp-json\/wp\/v2\/pages\/132\/revisions\/136"}],"up":[{"embeddable":true,"href":"https:\/\/diaper-dreams.fr\/en\/wp-json\/wp\/v2\/pages\/13"}],"wp:attachment":[{"href":"https:\/\/diaper-dreams.fr\/en\/wp-json\/wp\/v2\/media?parent=132"}],"curies":[{"name":"wp","href":"https:\/\/api.w.org\/{rel}","templated":true}]}}