{"id":139,"date":"2024-12-07T18:49:01","date_gmt":"2024-12-07T17:49:01","guid":{"rendered":"https:\/\/diaper-dreams.fr\/?page_id=139"},"modified":"2024-12-08T00:54:27","modified_gmt":"2024-12-07T23:54:27","slug":"abdl-flag","status":"publish","type":"page","link":"https:\/\/diaper-dreams.fr\/en\/r\/abdl-flag\/","title":{"rendered":"The ABDL flag: symbol of pride and belonging"},"content":{"rendered":"<div class=\"wp-block-image\">\n<figure class=\"aligncenter size-full is-resized\"><img data-recalc-dims=\"1\" loading=\"lazy\" decoding=\"async\" width=\"605\" height=\"372\" data-attachment-id=\"140\" data-permalink=\"https:\/\/diaper-dreams.fr\/en\/r\/abdl-flag\/image-2\/\" data-orig-file=\"https:\/\/i0.wp.com\/diaper-dreams.fr\/wp-content\/uploads\/2024\/12\/image-1.png?fit=640%2C393&amp;ssl=1\" data-orig-size=\"640,393\" data-comments-opened=\"1\" data-image-meta=\"{&quot;aperture&quot;:&quot;0&quot;,&quot;credit&quot;:&quot;&quot;,&quot;camera&quot;:&quot;&quot;,&quot;caption&quot;:&quot;&quot;,&quot;created_timestamp&quot;:&quot;0&quot;,&quot;copyright&quot;:&quot;&quot;,&quot;focal_length&quot;:&quot;0&quot;,&quot;iso&quot;:&quot;0&quot;,&quot;shutter_speed&quot;:&quot;0&quot;,&quot;title&quot;:&quot;&quot;,&quot;orientation&quot;:&quot;0&quot;}\" data-image-title=\"image\" data-image-description=\"\" data-image-caption=\"\" data-large-file=\"https:\/\/i0.wp.com\/diaper-dreams.fr\/wp-content\/uploads\/2024\/12\/image-1.png?fit=605%2C372&amp;ssl=1\" src=\"https:\/\/i0.wp.com\/diaper-dreams.fr\/wp-content\/uploads\/2024\/12\/image-1.png?resize=605%2C372&#038;ssl=1\" alt=\"\" class=\"wp-image-140\" style=\"width:301px;height:auto\"\/><\/figure>\n<\/div>\n\n\n<p>The ABDL flag (Adult Baby\/Diaper Lover) is a recent but meaningful symbol, designed to unite and represent a diverse community around ABDL practices.<\/p>\n\n\n\n<h3 class=\"wp-block-heading\">Origins of the flag<\/h3>\n\n\n\n<p>Created in Scandinavia in the 2000s, the ABDL flag is designed to subtly evoke the common symbol of the ABDL community: diapers. It mainly uses white and light colors, an obvious choice as these are the colors most associated with diapers and childhood. <\/p>\n\n\n\n<p>To learn more about its origins, you can consult the official Scandinavian website:<\/p>\n\n\n\n<p class=\"has-text-align-center\"><a href=\"https:\/\/www.abdlscandinavia.com\/abdlflag\/\" target=\"_blank\" rel=\"noreferrer noopener\">ABDL Scandinavian Flag Site<\/a><\/p>\n\n\n\n<h3 class=\"wp-block-heading\">Where to get it?<\/h3>\n\n\n\n<p>For those who wish to own their own flag, a version is also for sale on Etsy, in a dedicated shop:<\/p>\n\n\n\n<p class=\"has-text-align-center\"><a href=\"https:\/\/www.etsy.com\/listing\/1747235117\/abdl-flag\" target=\"_blank\" rel=\"noreferrer noopener\">Buy the ABDL flag on Etsy<\/a><\/p>\n\n\n\n<h3 class=\"wp-block-heading\">Additional Resources<\/h3>\n\n\n\n<p>A vector version of the flag is available on Wikipedia in SVG format, accessible to everyone for use on different media.<\/p>\n\n\n\n<p class=\"has-text-align-center\"><a href=\"https:\/\/commons.wikimedia.org\/wiki\/File:Adult_Baby_and_Diaper_Lover_Pride_Flag,_as_purposed_by_ABDL_Scandinavia.png\" target=\"_blank\" rel=\"noreferrer noopener\">SVG version on Wikipedia<\/a><\/p>","protected":false},"excerpt":{"rendered":"<p>The ABDL (Adult Baby\/Diaper Lover) flag is a recent but significant symbol, designed to unite and represent a diverse community around ABDL practices. Origins of the flag Created in Scandinavia in the 2000s, the ABDL flag is designed to \u2026<\/p>\n<p class=\"read-more\"> <a class=\"more-link\" href=\"https:\/\/diaper-dreams.fr\/en\/r\/abdl-flag\/\"> <span class=\"screen-reader-text\">The ABDL flag: symbol of pride and belonging<\/span> Read More \u00bb<\/a><\/p>","protected":false},"author":1,"featured_media":0,"parent":13,"menu_order":10,"comment_status":"closed","ping_status":"closed","template":"","meta":{"footnotes":""},"class_list":["post-139","page","type-page","status-publish","hentry"],"yoast_head":"<!-- This site is optimized with the Yoast SEO plugin v27.5 - https:\/\/yoast.com\/product\/yoast-seo-wordpress\/ -->\n<title>Le drapeau ABDL : symbole de fiert\u00e9 et d\u2019appartenance - Diaper Dreams<\/title>\n<meta name=\"description\" content=\"Le drapeau ABDL, un symbole de fiert\u00e9 pour la communaut\u00e9. Des infos sur le design, ses origines et o\u00f9 l&#039;acheter.\" \/>\n<meta name=\"robots\" content=\"index, follow, max-snippet:-1, max-image-preview:large, max-video-preview:-1\" \/>\n<link rel=\"canonical\" href=\"https:\/\/diaper-dreams.fr\/en\/r\/abdl-flag\/\" \/>\n<meta property=\"og:locale\" content=\"en_US\" \/>\n<meta property=\"og:type\" content=\"article\" \/>\n<meta property=\"og:title\" content=\"Le drapeau ABDL : symbole de fiert\u00e9 et d\u2019appartenance - Diaper Dreams\" \/>\n<meta property=\"og:description\" content=\"Le drapeau ABDL, un symbole de fiert\u00e9 pour la communaut\u00e9. Des infos sur le design, ses origines et o\u00f9 l&#039;acheter.\" \/>\n<meta property=\"og:url\" content=\"https:\/\/diaper-dreams.fr\/en\/r\/abdl-flag\/\" \/>\n<meta property=\"og:site_name\" content=\"Diaper Dreams\" \/>\n<meta property=\"article:publisher\" content=\"https:\/\/www.instagram.com\/abdl_fr_breizh\/\" \/>\n<meta property=\"article:modified_time\" content=\"2024-12-07T23:54:27+00:00\" \/>\n<meta property=\"og:image\" content=\"https:\/\/diaper-dreams.fr\/wp-content\/uploads\/2024\/12\/image-1.png\" \/>\n<meta name=\"twitter:card\" content=\"summary_large_image\" \/>\n<meta name=\"twitter:label1\" content=\"Est. reading time\" \/>\n\t<meta name=\"twitter:data1\" content=\"1 minute\" \/>\n<script type=\"application\/ld+json\" class=\"yoast-schema-graph\">{\"@context\":\"https:\\\/\\\/schema.org\",\"@graph\":[{\"@type\":\"WebPage\",\"@id\":\"https:\\\/\\\/diaper-dreams.fr\\\/r\\\/abdl-flag\\\/\",\"url\":\"https:\\\/\\\/diaper-dreams.fr\\\/r\\\/abdl-flag\\\/\",\"name\":\"Le drapeau ABDL : symbole de fiert\u00e9 et d\u2019appartenance - Diaper Dreams\",\"isPartOf\":{\"@id\":\"https:\\\/\\\/diaper-dreams.fr\\\/#website\"},\"primaryImageOfPage\":{\"@id\":\"https:\\\/\\\/diaper-dreams.fr\\\/r\\\/abdl-flag\\\/#primaryimage\"},\"image\":{\"@id\":\"https:\\\/\\\/diaper-dreams.fr\\\/r\\\/abdl-flag\\\/#primaryimage\"},\"thumbnailUrl\":\"https:\\\/\\\/diaper-dreams.fr\\\/wp-content\\\/uploads\\\/2024\\\/12\\\/image-1.png\",\"datePublished\":\"2024-12-07T17:49:01+00:00\",\"dateModified\":\"2024-12-07T23:54:27+00:00\",\"description\":\"Le drapeau ABDL, un symbole de fiert\u00e9 pour la communaut\u00e9. Des infos sur le design, ses origines et o\u00f9 l'acheter.\",\"breadcrumb\":{\"@id\":\"https:\\\/\\\/diaper-dreams.fr\\\/r\\\/abdl-flag\\\/#breadcrumb\"},\"inLanguage\":\"en-US\",\"potentialAction\":[{\"@type\":\"ReadAction\",\"target\":[\"https:\\\/\\\/diaper-dreams.fr\\\/r\\\/abdl-flag\\\/\"]}]},{\"@type\":\"ImageObject\",\"inLanguage\":\"en-US\",\"@id\":\"https:\\\/\\\/diaper-dreams.fr\\\/r\\\/abdl-flag\\\/#primaryimage\",\"url\":\"https:\\\/\\\/diaper-dreams.fr\\\/wp-content\\\/uploads\\\/2024\\\/12\\\/image-1.png\",\"contentUrl\":\"https:\\\/\\\/diaper-dreams.fr\\\/wp-content\\\/uploads\\\/2024\\\/12\\\/image-1.png\"},{\"@type\":\"BreadcrumbList\",\"@id\":\"https:\\\/\\\/diaper-dreams.fr\\\/r\\\/abdl-flag\\\/#breadcrumb\",\"itemListElement\":[{\"@type\":\"ListItem\",\"position\":1,\"name\":\"Home\",\"item\":\"https:\\\/\\\/diaper-dreams.fr\\\/\"},{\"@type\":\"ListItem\",\"position\":2,\"name\":\"Ressources\",\"item\":\"https:\\\/\\\/diaper-dreams.fr\\\/r\\\/\"},{\"@type\":\"ListItem\",\"position\":3,\"name\":\"Le drapeau ABDL : symbole de fiert\u00e9 et d\u2019appartenance\"}]},{\"@type\":\"WebSite\",\"@id\":\"https:\\\/\\\/diaper-dreams.fr\\\/#website\",\"url\":\"https:\\\/\\\/diaper-dreams.fr\\\/\",\"name\":\"Diaper Dreams\",\"description\":\"L&#039;Univers ABDL - Ressources, Conseils et \u00c9v\u00e9nements\",\"publisher\":{\"@id\":\"https:\\\/\\\/diaper-dreams.fr\\\/#organization\"},\"potentialAction\":[{\"@type\":\"SearchAction\",\"target\":{\"@type\":\"EntryPoint\",\"urlTemplate\":\"https:\\\/\\\/diaper-dreams.fr\\\/?s={search_term_string}\"},\"query-input\":{\"@type\":\"PropertyValueSpecification\",\"valueRequired\":true,\"valueName\":\"search_term_string\"}}],\"inLanguage\":\"en-US\"},{\"@type\":\"Organization\",\"@id\":\"https:\\\/\\\/diaper-dreams.fr\\\/#organization\",\"name\":\"Diaper Dreams\",\"url\":\"https:\\\/\\\/diaper-dreams.fr\\\/\",\"logo\":{\"@type\":\"ImageObject\",\"inLanguage\":\"en-US\",\"@id\":\"https:\\\/\\\/diaper-dreams.fr\\\/#\\\/schema\\\/logo\\\/image\\\/\",\"url\":\"https:\\\/\\\/i0.wp.com\\\/diaper-dreams.fr\\\/wp-content\\\/uploads\\\/2025\\\/09\\\/cropped-logo-dreams-20250920071558_original.png?fit=1998%2C1111&ssl=1\",\"contentUrl\":\"https:\\\/\\\/i0.wp.com\\\/diaper-dreams.fr\\\/wp-content\\\/uploads\\\/2025\\\/09\\\/cropped-logo-dreams-20250920071558_original.png?fit=1998%2C1111&ssl=1\",\"width\":1998,\"height\":1111,\"caption\":\"Diaper Dreams\"},\"image\":{\"@id\":\"https:\\\/\\\/diaper-dreams.fr\\\/#\\\/schema\\\/logo\\\/image\\\/\"},\"sameAs\":[\"https:\\\/\\\/www.instagram.com\\\/abdl_fr_breizh\\\/\",\"https:\\\/\\\/linktr.ee\\\/abdl_breizh\"]}]}<\/script>\n<!-- \/ Yoast SEO plugin. -->","yoast_head_json":{"title":"The ABDL Flag: A Symbol of Pride and Belonging - Diaper Dreams","description":"The ABDL flag, a symbol of community pride. Information on the design, its origins, and where to buy it.","robots":{"index":"index","follow":"follow","max-snippet":"max-snippet:-1","max-image-preview":"max-image-preview:large","max-video-preview":"max-video-preview:-1"},"canonical":"https:\/\/diaper-dreams.fr\/en\/r\/abdl-flag\/","og_locale":"en_US","og_type":"article","og_title":"Le drapeau ABDL : symbole de fiert\u00e9 et d\u2019appartenance - Diaper Dreams","og_description":"Le drapeau ABDL, un symbole de fiert\u00e9 pour la communaut\u00e9. Des infos sur le design, ses origines et o\u00f9 l'acheter.","og_url":"https:\/\/diaper-dreams.fr\/en\/r\/abdl-flag\/","og_site_name":"Diaper Dreams","article_publisher":"https:\/\/www.instagram.com\/abdl_fr_breizh\/","article_modified_time":"2024-12-07T23:54:27+00:00","og_image":[{"url":"https:\/\/diaper-dreams.fr\/wp-content\/uploads\/2024\/12\/image-1.png","type":"","width":"","height":""}],"twitter_card":"summary_large_image","twitter_misc":{"Est. reading time":"1 minute"},"schema":{"@context":"https:\/\/schema.org","@graph":[{"@type":"WebPage","@id":"https:\/\/diaper-dreams.fr\/r\/abdl-flag\/","url":"https:\/\/diaper-dreams.fr\/r\/abdl-flag\/","name":"The ABDL Flag: A Symbol of Pride and Belonging - Diaper Dreams","isPartOf":{"@id":"https:\/\/diaper-dreams.fr\/#website"},"primaryImageOfPage":{"@id":"https:\/\/diaper-dreams.fr\/r\/abdl-flag\/#primaryimage"},"image":{"@id":"https:\/\/diaper-dreams.fr\/r\/abdl-flag\/#primaryimage"},"thumbnailUrl":"https:\/\/diaper-dreams.fr\/wp-content\/uploads\/2024\/12\/image-1.png","datePublished":"2024-12-07T17:49:01+00:00","dateModified":"2024-12-07T23:54:27+00:00","description":"The ABDL flag, a symbol of community pride. Information on the design, its origins, and where to buy it.","breadcrumb":{"@id":"https:\/\/diaper-dreams.fr\/r\/abdl-flag\/#breadcrumb"},"inLanguage":"en-US","potentialAction":[{"@type":"ReadAction","target":["https:\/\/diaper-dreams.fr\/r\/abdl-flag\/"]}]},{"@type":"ImageObject","inLanguage":"en-US","@id":"https:\/\/diaper-dreams.fr\/r\/abdl-flag\/#primaryimage","url":"https:\/\/diaper-dreams.fr\/wp-content\/uploads\/2024\/12\/image-1.png","contentUrl":"https:\/\/diaper-dreams.fr\/wp-content\/uploads\/2024\/12\/image-1.png"},{"@type":"BreadcrumbList","@id":"https:\/\/diaper-dreams.fr\/r\/abdl-flag\/#breadcrumb","itemListElement":[{"@type":"ListItem","position":1,"name":"Home","item":"https:\/\/diaper-dreams.fr\/"},{"@type":"ListItem","position":2,"name":"Ressources","item":"https:\/\/diaper-dreams.fr\/r\/"},{"@type":"ListItem","position":3,"name":"Le drapeau ABDL : symbole de fiert\u00e9 et d\u2019appartenance"}]},{"@type":"WebSite","@id":"https:\/\/diaper-dreams.fr\/#website","url":"https:\/\/diaper-dreams.fr\/","name":"Diaper Dreams","description":"ABDL Universe - Resources, Tips and Events","publisher":{"@id":"https:\/\/diaper-dreams.fr\/#organization"},"potentialAction":[{"@type":"SearchAction","target":{"@type":"EntryPoint","urlTemplate":"https:\/\/diaper-dreams.fr\/?s={search_term_string}"},"query-input":{"@type":"PropertyValueSpecification","valueRequired":true,"valueName":"search_term_string"}}],"inLanguage":"en-US"},{"@type":"Organization","@id":"https:\/\/diaper-dreams.fr\/#organization","name":"Diaper Dreams","url":"https:\/\/diaper-dreams.fr\/","logo":{"@type":"ImageObject","inLanguage":"en-US","@id":"https:\/\/diaper-dreams.fr\/#\/schema\/logo\/image\/","url":"https:\/\/i0.wp.com\/diaper-dreams.fr\/wp-content\/uploads\/2025\/09\/cropped-logo-dreams-20250920071558_original.png?fit=1998%2C1111&ssl=1","contentUrl":"https:\/\/i0.wp.com\/diaper-dreams.fr\/wp-content\/uploads\/2025\/09\/cropped-logo-dreams-20250920071558_original.png?fit=1998%2C1111&ssl=1","width":1998,"height":1111,"caption":"Diaper Dreams"},"image":{"@id":"https:\/\/diaper-dreams.fr\/#\/schema\/logo\/image\/"},"sameAs":["https:\/\/www.instagram.com\/abdl_fr_breizh\/","https:\/\/linktr.ee\/abdl_breizh"]}]}},"jetpack_sharing_enabled":true,"_links":{"self":[{"href":"https:\/\/diaper-dreams.fr\/en\/wp-json\/wp\/v2\/pages\/139","targetHints":{"allow":["GET"]}}],"collection":[{"href":"https:\/\/diaper-dreams.fr\/en\/wp-json\/wp\/v2\/pages"}],"about":[{"href":"https:\/\/diaper-dreams.fr\/en\/wp-json\/wp\/v2\/types\/page"}],"author":[{"embeddable":true,"href":"https:\/\/diaper-dreams.fr\/en\/wp-json\/wp\/v2\/users\/1"}],"replies":[{"embeddable":true,"href":"https:\/\/diaper-dreams.fr\/en\/wp-json\/wp\/v2\/comments?post=139"}],"version-history":[{"count":1,"href":"https:\/\/diaper-dreams.fr\/en\/wp-json\/wp\/v2\/pages\/139\/revisions"}],"predecessor-version":[{"id":141,"href":"https:\/\/diaper-dreams.fr\/en\/wp-json\/wp\/v2\/pages\/139\/revisions\/141"}],"up":[{"embeddable":true,"href":"https:\/\/diaper-dreams.fr\/en\/wp-json\/wp\/v2\/pages\/13"}],"wp:attachment":[{"href":"https:\/\/diaper-dreams.fr\/en\/wp-json\/wp\/v2\/media?parent=139"}],"curies":[{"name":"wp","href":"https:\/\/api.w.org\/{rel}","templated":true}]}}