{"id":146,"date":"2024-12-07T19:51:04","date_gmt":"2024-12-07T18:51:04","guid":{"rendered":"https:\/\/diaper-dreams.fr\/?page_id=146"},"modified":"2026-01-26T17:43:44","modified_gmt":"2026-01-26T16:43:44","slug":"c","status":"publish","type":"page","link":"https:\/\/diaper-dreams.fr\/en\/c\/","title":{"rendered":"Contact\/Other links"},"content":{"rendered":"<div class=\"wp-block-image\">\n<figure class=\"aligncenter size-large is-resized\"><img data-recalc-dims=\"1\" loading=\"lazy\" decoding=\"async\" width=\"605\" height=\"655\" data-attachment-id=\"833\" data-permalink=\"https:\/\/diaper-dreams.fr\/en\/abdl-hermine-20250919111729_original\/\" data-orig-file=\"https:\/\/i0.wp.com\/diaper-dreams.fr\/wp-content\/uploads\/2025\/09\/abdl-hermine-20250919111729_original.png?fit=1847%2C2000&amp;ssl=1\" data-orig-size=\"1847,2000\" data-comments-opened=\"0\" data-image-meta=\"{&quot;aperture&quot;:&quot;0&quot;,&quot;credit&quot;:&quot;&quot;,&quot;camera&quot;:&quot;&quot;,&quot;caption&quot;:&quot;&quot;,&quot;created_timestamp&quot;:&quot;0&quot;,&quot;copyright&quot;:&quot;&quot;,&quot;focal_length&quot;:&quot;0&quot;,&quot;iso&quot;:&quot;0&quot;,&quot;shutter_speed&quot;:&quot;0&quot;,&quot;title&quot;:&quot;&quot;,&quot;orientation&quot;:&quot;0&quot;}\" data-image-title=\"abdl hermine (20250919111729)_original\" data-image-description=\"\" data-image-caption=\"\" data-large-file=\"https:\/\/i0.wp.com\/diaper-dreams.fr\/wp-content\/uploads\/2025\/09\/abdl-hermine-20250919111729_original.png?fit=605%2C655&amp;ssl=1\" src=\"https:\/\/i0.wp.com\/diaper-dreams.fr\/wp-content\/uploads\/2025\/09\/abdl-hermine-20250919111729_original.png?resize=605%2C655&#038;ssl=1\" alt=\"\" class=\"wp-image-833\" style=\"aspect-ratio:0.9238383282925487;width:368px;height:auto\" srcset=\"https:\/\/i0.wp.com\/diaper-dreams.fr\/wp-content\/uploads\/2025\/09\/abdl-hermine-20250919111729_original.png?resize=946%2C1024&amp;ssl=1 946w, https:\/\/i0.wp.com\/diaper-dreams.fr\/wp-content\/uploads\/2025\/09\/abdl-hermine-20250919111729_original.png?resize=277%2C300&amp;ssl=1 277w, https:\/\/i0.wp.com\/diaper-dreams.fr\/wp-content\/uploads\/2025\/09\/abdl-hermine-20250919111729_original.png?resize=768%2C832&amp;ssl=1 768w, https:\/\/i0.wp.com\/diaper-dreams.fr\/wp-content\/uploads\/2025\/09\/abdl-hermine-20250919111729_original.png?resize=1418%2C1536&amp;ssl=1 1418w, https:\/\/i0.wp.com\/diaper-dreams.fr\/wp-content\/uploads\/2025\/09\/abdl-hermine-20250919111729_original.png?resize=11%2C12&amp;ssl=1 11w, https:\/\/i0.wp.com\/diaper-dreams.fr\/wp-content\/uploads\/2025\/09\/abdl-hermine-20250919111729_original.png?resize=100%2C108&amp;ssl=1 100w, https:\/\/i0.wp.com\/diaper-dreams.fr\/wp-content\/uploads\/2025\/09\/abdl-hermine-20250919111729_original.png?resize=150%2C162&amp;ssl=1 150w, https:\/\/i0.wp.com\/diaper-dreams.fr\/wp-content\/uploads\/2025\/09\/abdl-hermine-20250919111729_original.png?resize=200%2C217&amp;ssl=1 200w, https:\/\/i0.wp.com\/diaper-dreams.fr\/wp-content\/uploads\/2025\/09\/abdl-hermine-20250919111729_original.png?resize=300%2C325&amp;ssl=1 300w, https:\/\/i0.wp.com\/diaper-dreams.fr\/wp-content\/uploads\/2025\/09\/abdl-hermine-20250919111729_original.png?resize=450%2C487&amp;ssl=1 450w, https:\/\/i0.wp.com\/diaper-dreams.fr\/wp-content\/uploads\/2025\/09\/abdl-hermine-20250919111729_original.png?resize=600%2C650&amp;ssl=1 600w, https:\/\/i0.wp.com\/diaper-dreams.fr\/wp-content\/uploads\/2025\/09\/abdl-hermine-20250919111729_original.png?resize=900%2C975&amp;ssl=1 900w, https:\/\/i0.wp.com\/diaper-dreams.fr\/wp-content\/uploads\/2025\/09\/abdl-hermine-20250919111729_original.png?w=1847&amp;ssl=1 1847w, https:\/\/i0.wp.com\/diaper-dreams.fr\/wp-content\/uploads\/2025\/09\/abdl-hermine-20250919111729_original.png?w=1210&amp;ssl=1 1210w\" sizes=\"auto, (max-width: 605px) 100vw, 605px\" \/><\/figure>\n<\/div>\n\n\n<p>Vous souhaitez me contacter ou explorer davantage de contenus ? Voici les meilleures fa\u00e7ons de le faire :<\/p>\n\n\n\n<p>Retrouvez l\u2019ensemble des ressources, r\u00e9seaux sociaux et contenus via ma page d\u00e9di\u00e9e :<\/p>\n\n\n\n<h3 class=\"wp-block-heading has-text-align-center\"><a href=\"https:\/\/linktr.ee\/abdl_breizh\" target=\"_blank\" rel=\"noreferrer noopener\"><strong>linktr.ee\/abdl_breizh<\/strong><\/a><\/h3>\n\n\n\n<h2 class=\"wp-block-heading\">Me soutenir sur Tipeee<\/h2>\n\n\n\n<p>Aidez moi \u00e0 produire du contenu de qualit\u00e9 pour la sph\u00e8re ABDL francophone !<\/p>\n\n\n\n<a href=\"https:\/\/fr.tipeee.com\/the-diaper-dreamer\" class=\"tipeee-project-cart-iframe\" data-orientation=\"grid\" data-rewards=\"1\">Soutenez The Diaper Dreamer sur Tipeee<\/a>\n<script async src=\"https:\/\/plugin.tipeee.com\/widget.js\" charset=\"utf-8\"><\/script>\n\n\n\n<h2 class=\"wp-block-heading\">Autres liens (pour la communaut\u00e9 ABDL fran\u00e7aise)<\/h2>\n\n\n\n<p><a href=\"https:\/\/fetlife.com\/groups\/87485\" target=\"_blank\" rel=\"noreferrer noopener\">ABDL France : le groupe de r\u00e9f\u00e9rence sur FetLife <\/a><\/p>\n\n\n\n<p><a href=\"https:\/\/abkingdom.com\/\" target=\"_blank\" rel=\"noreferrer noopener\">ABKingdom : un forum ABDL historique Francophone<\/a><\/p>\n\n\n\n<p><a href=\"https:\/\/www.diapertouch.net\/\" target=\"_blank\" rel=\"noreferrer noopener\">Diaper Touch : un autre forum Fran\u00e7ais ABDL<\/a><\/p>\n\n\n\n<p><a href=\"https:\/\/www.diaper-bois.com\/\" target=\"_blank\" rel=\"noreferrer noopener\">Diaper Bois : un forum ABDL <\/a><\/p>\n\n\n\n<p><a href=\"https:\/\/www.adisc.org\/forum\/\" target=\"_blank\" rel=\"noreferrer noopener\">ADISC.org : le forum\/site mondial de la communaut\u00e9 ABDL<\/a><\/p>\n\n\n\n<p><a href=\"https:\/\/understanding.infantilism.org\/\" target=\"_blank\" rel=\"noreferrer noopener\">Understanding.infantilism.org<\/a> : un site qui explique tr\u00e8s bien l&rsquo;ABDL (en anglais et allemand)<\/p>\n\n\n\n<h2 class=\"wp-block-heading\">Newsletter<\/h2>\n\n\n\n<p>J&rsquo;anime aussi une newsletter pour parler des derni\u00e8res actualit\u00e9s me concernant de pr\u00e8s ou de loin (\u00e9v\u00e9nements, nouveaux articles\/vid\u00e9os, &#8230;). <br>Rendez vous sur cette page pour vous inscrire :<\/p>\n\n\n\n<figure class=\"wp-block-embed is-type-wp-embed is-provider-diaper-dreams wp-block-embed-diaper-dreams\"><div class=\"wp-block-embed__wrapper\">\n<blockquote class=\"wp-embedded-content\" data-secret=\"sSl6cmDhb4\"><a href=\"https:\/\/diaper-dreams.fr\/newsletter\/\">Newsletter<\/a><\/blockquote><iframe loading=\"lazy\" class=\"wp-embedded-content\" sandbox=\"allow-scripts\" security=\"restricted\" style=\"position: absolute; visibility: hidden;\" title=\"\u00ab\u00a0Newsletter\u00a0\u00bb &#8212; Diaper Dreams\" src=\"https:\/\/diaper-dreams.fr\/newsletter\/embed\/#?secret=NRXLypVSJd#?secret=sSl6cmDhb4\" data-secret=\"sSl6cmDhb4\" width=\"600\" height=\"338\" frameborder=\"0\" marginwidth=\"0\" marginheight=\"0\" scrolling=\"no\"><\/iframe>\n<\/div><\/figure>\n\n\n\n<h2 class=\"wp-block-heading\">Contact<\/h2>\n\n\n<style id=\"wpforms-css-vars-957-block-3bfc677e-8702-4ceb-a683-af6f518745c4\">\n\t\t\t\t#wpforms-957.wpforms-block-3bfc677e-8702-4ceb-a683-af6f518745c4 {\n\t\t\t\t--wpforms-field-size-input-height: 43px;\n--wpforms-field-size-input-spacing: 15px;\n--wpforms-field-size-font-size: 16px;\n--wpforms-field-size-line-height: 19px;\n--wpforms-field-size-padding-h: 14px;\n--wpforms-field-size-checkbox-size: 16px;\n--wpforms-field-size-sublabel-spacing: 5px;\n--wpforms-field-size-icon-size: 1;\n--wpforms-label-size-font-size: 16px;\n--wpforms-label-size-line-height: 19px;\n--wpforms-label-size-sublabel-font-size: 14px;\n--wpforms-label-size-sublabel-line-height: 17px;\n--wpforms-button-size-font-size: 17px;\n--wpforms-button-size-height: 41px;\n--wpforms-button-size-padding-h: 15px;\n--wpforms-button-size-margin-top: 10px;\n\t\t\t}\n\t\t\t<\/style><div class=\"wpforms-container wpforms-container-full wpforms-block wpforms-block-3bfc677e-8702-4ceb-a683-af6f518745c4 wpforms-render-modern\" id=\"wpforms-957\"><form id=\"wpforms-form-957\" class=\"wpforms-validate wpforms-form wpforms-ajax-form\" data-formid=\"957\" method=\"post\" enctype=\"multipart\/form-data\" action=\"\/en\/wp-json\/wp\/v2\/pages\/146\" data-token=\"fff5e4965d5402dbd490ee3efb23b52a\" data-token-time=\"1777425009\"><noscript class=\"wpforms-error-noscript\">Please enable JavaScript in your browser to complete this form.<\/noscript><div id=\"wpforms-error-noscript\" style=\"display: none;\">Please enable JavaScript in your browser to complete this form.<\/div><div class=\"wpforms-field-container\">\t\t<div id=\"wpforms-957-field_1-container\"\n\t\t\tclass=\"wpforms-field wpforms-field-text\"\n\t\t\tdata-field-type=\"text\"\n\t\t\tdata-field-id=\"1\"\n\t\t\t>\n\t\t\t<label class=\"wpforms-field-label\" for=\"wpforms-957-field_1\" >E-mail Commentaire ou<\/label>\n\t\t\t<input type=\"text\" id=\"wpforms-957-field_1\" class=\"wpforms-field-medium\" name=\"wpforms[fields][1]\" >\n\t\t<\/div>\n\t\t<div id=\"wpforms-957-field_2-container\" class=\"wpforms-field wpforms-field-email\" data-field-id=\"2\"><label class=\"wpforms-field-label\" for=\"wpforms-957-field_2\">E-mail <span class=\"wpforms-required-label\" aria-hidden=\"true\">*<\/span><\/label><input type=\"email\" id=\"wpforms-957-field_2\" class=\"wpforms-field-medium wpforms-field-required\" name=\"wpforms[fields][2]\" spellcheck=\"false\" aria-errormessage=\"wpforms-957-field_2-error\" required><\/div><div id=\"wpforms-957-field_3-container\" class=\"wpforms-field wpforms-field-textarea\" data-field-id=\"3\"><label class=\"wpforms-field-label\" for=\"wpforms-957-field_3\">Commentaire ou message<\/label><textarea id=\"wpforms-957-field_3\" class=\"wpforms-field-medium\" name=\"wpforms[fields][3]\" aria-errormessage=\"wpforms-957-field_3-error\" ><\/textarea><\/div><script>\n\t\t\t\t( function() {\n\t\t\t\t\tconst style = document.createElement( 'style' );\n\t\t\t\t\tstyle.appendChild( document.createTextNode( '#wpforms-957-field_1-container { position: absolute !important; overflow: hidden !important; display: inline !important; height: 1px !important; width: 1px !important; z-index: -1000 !important; padding: 0 !important; } #wpforms-957-field_1-container input { visibility: hidden; } #wpforms-conversational-form-page #wpforms-957-field_1-container label { counter-increment: none; }' ) );\n\t\t\t\t\tdocument.head.appendChild( style );\n\t\t\t\t\tdocument.currentScript?.remove();\n\t\t\t\t} )();\n\t\t\t<\/script><\/div><!-- .wpforms-field-container --><div class=\"wpforms-recaptcha-container wpforms-is-recaptcha wpforms-is-recaptcha-type-v2\" ><div class=\"g-recaptcha\" data-sitekey=\"6LeEVzgsAAAAAAlI7xoPcHtRw01sdAKg_bRp-HP7\"><\/div><input type=\"text\" name=\"g-recaptcha-hidden\" class=\"wpforms-recaptcha-hidden\" style=\"position:absolute!important;clip:rect(0,0,0,0)!important;height:1px!important;width:1px!important;border:0!important;overflow:hidden!important;padding:0!important;margin:0!important;\" data-rule-recaptcha=\"1\"><\/div><div class=\"wpforms-submit-container\" ><input type=\"hidden\" name=\"wpforms[id]\" value=\"957\"><input type=\"hidden\" name=\"page_title\" value=\"\"><input type=\"hidden\" name=\"page_url\" value=\"https:\/\/diaper-dreams.fr\/en\/wp-json\/wp\/v2\/pages\/146\"><input type=\"hidden\" name=\"url_referer\" value=\"\"><button type=\"submit\" name=\"wpforms[submit]\" id=\"wpforms-submit-957\" class=\"wpforms-submit\" data-alt-text=\"Envoi...\" data-submit-text=\"Envoyer\" aria-live=\"assertive\" value=\"wpforms-submit\">Envoyer<\/button><img loading=\"lazy\" decoding=\"async\" src=\"https:\/\/diaper-dreams.fr\/wp-content\/plugins\/wpforms-lite\/assets\/images\/submit-spin.svg\" class=\"wpforms-submit-spinner\" style=\"display: none;\" width=\"26\" height=\"26\" alt=\"Loading\"><\/div><\/form><\/div>  <!-- .wpforms-container -->","protected":false},"excerpt":{"rendered":"<p>Want to contact me or explore more content? Here are the best ways to do it: Find all the resources, social networks and content via my dedicated page: linktr.ee\/abdl_breizh Support me on Tipeee Help me produce \u2026<\/p>\n<p class=\"read-more\"> <a class=\"more-link\" href=\"https:\/\/diaper-dreams.fr\/en\/c\/\"> <span class=\"screen-reader-text\">Contact\/Other links<\/span> Read More \u00bb<\/a><\/p>","protected":false},"author":1,"featured_media":0,"parent":0,"menu_order":70,"comment_status":"closed","ping_status":"closed","template":"","meta":{"footnotes":""},"class_list":["post-146","page","type-page","status-publish","hentry"],"yoast_head":"<!-- This site is optimized with the Yoast SEO plugin v27.5 - https:\/\/yoast.com\/product\/yoast-seo-wordpress\/ -->\n<title>Contact\/Autres liens - Diaper Dreams<\/title>\n<meta name=\"description\" content=\"Contactez-moi facilement via Instagram ou d\u00e9couvrez tous mes contenus et ressources sur ma page Linktree : linktr.ee\/abdl_breizh.\" \/>\n<meta name=\"robots\" content=\"index, follow, max-snippet:-1, max-image-preview:large, max-video-preview:-1\" \/>\n<link rel=\"canonical\" href=\"https:\/\/diaper-dreams.fr\/en\/c\/\" \/>\n<meta property=\"og:locale\" content=\"en_US\" \/>\n<meta property=\"og:type\" content=\"article\" \/>\n<meta property=\"og:title\" content=\"Contact\/Autres liens - Diaper Dreams\" \/>\n<meta property=\"og:description\" content=\"Contactez-moi facilement via Instagram ou d\u00e9couvrez tous mes contenus et ressources sur ma page Linktree : linktr.ee\/abdl_breizh.\" \/>\n<meta property=\"og:url\" content=\"https:\/\/diaper-dreams.fr\/en\/c\/\" \/>\n<meta property=\"og:site_name\" content=\"Diaper Dreams\" \/>\n<meta property=\"article:publisher\" content=\"https:\/\/www.instagram.com\/abdl_fr_breizh\/\" \/>\n<meta property=\"article:modified_time\" content=\"2026-01-26T16:43:44+00:00\" \/>\n<meta property=\"og:image\" content=\"https:\/\/diaper-dreams.fr\/wp-content\/uploads\/2025\/09\/abdl-hermine-20250919111729_original-946x1024.png\" \/>\n<meta name=\"twitter:card\" content=\"summary_large_image\" \/>\n<meta name=\"twitter:label1\" content=\"Est. reading time\" \/>\n\t<meta name=\"twitter:data1\" content=\"1 minute\" \/>\n<script type=\"application\/ld+json\" class=\"yoast-schema-graph\">{\"@context\":\"https:\\\/\\\/schema.org\",\"@graph\":[{\"@type\":\"WebPage\",\"@id\":\"https:\\\/\\\/diaper-dreams.fr\\\/c\\\/\",\"url\":\"https:\\\/\\\/diaper-dreams.fr\\\/c\\\/\",\"name\":\"Contact\\\/Autres liens - Diaper Dreams\",\"isPartOf\":{\"@id\":\"https:\\\/\\\/diaper-dreams.fr\\\/#website\"},\"primaryImageOfPage\":{\"@id\":\"https:\\\/\\\/diaper-dreams.fr\\\/c\\\/#primaryimage\"},\"image\":{\"@id\":\"https:\\\/\\\/diaper-dreams.fr\\\/c\\\/#primaryimage\"},\"thumbnailUrl\":\"https:\\\/\\\/diaper-dreams.fr\\\/wp-content\\\/uploads\\\/2025\\\/09\\\/abdl-hermine-20250919111729_original-946x1024.png\",\"datePublished\":\"2024-12-07T18:51:04+00:00\",\"dateModified\":\"2026-01-26T16:43:44+00:00\",\"description\":\"Contactez-moi facilement via Instagram ou d\u00e9couvrez tous mes contenus et ressources sur ma page Linktree : linktr.ee\\\/abdl_breizh.\",\"breadcrumb\":{\"@id\":\"https:\\\/\\\/diaper-dreams.fr\\\/c\\\/#breadcrumb\"},\"inLanguage\":\"en-US\",\"potentialAction\":[{\"@type\":\"ReadAction\",\"target\":[\"https:\\\/\\\/diaper-dreams.fr\\\/c\\\/\"]}]},{\"@type\":\"ImageObject\",\"inLanguage\":\"en-US\",\"@id\":\"https:\\\/\\\/diaper-dreams.fr\\\/c\\\/#primaryimage\",\"url\":\"https:\\\/\\\/diaper-dreams.fr\\\/wp-content\\\/uploads\\\/2025\\\/09\\\/abdl-hermine-20250919111729_original-946x1024.png\",\"contentUrl\":\"https:\\\/\\\/diaper-dreams.fr\\\/wp-content\\\/uploads\\\/2025\\\/09\\\/abdl-hermine-20250919111729_original-946x1024.png\"},{\"@type\":\"BreadcrumbList\",\"@id\":\"https:\\\/\\\/diaper-dreams.fr\\\/c\\\/#breadcrumb\",\"itemListElement\":[{\"@type\":\"ListItem\",\"position\":1,\"name\":\"Home\",\"item\":\"https:\\\/\\\/diaper-dreams.fr\\\/\"},{\"@type\":\"ListItem\",\"position\":2,\"name\":\"Contact\\\/Autres liens\"}]},{\"@type\":\"WebSite\",\"@id\":\"https:\\\/\\\/diaper-dreams.fr\\\/#website\",\"url\":\"https:\\\/\\\/diaper-dreams.fr\\\/\",\"name\":\"Diaper Dreams\",\"description\":\"L&#039;Univers ABDL - Ressources, Conseils et \u00c9v\u00e9nements\",\"publisher\":{\"@id\":\"https:\\\/\\\/diaper-dreams.fr\\\/#organization\"},\"potentialAction\":[{\"@type\":\"SearchAction\",\"target\":{\"@type\":\"EntryPoint\",\"urlTemplate\":\"https:\\\/\\\/diaper-dreams.fr\\\/?s={search_term_string}\"},\"query-input\":{\"@type\":\"PropertyValueSpecification\",\"valueRequired\":true,\"valueName\":\"search_term_string\"}}],\"inLanguage\":\"en-US\"},{\"@type\":\"Organization\",\"@id\":\"https:\\\/\\\/diaper-dreams.fr\\\/#organization\",\"name\":\"Diaper Dreams\",\"url\":\"https:\\\/\\\/diaper-dreams.fr\\\/\",\"logo\":{\"@type\":\"ImageObject\",\"inLanguage\":\"en-US\",\"@id\":\"https:\\\/\\\/diaper-dreams.fr\\\/#\\\/schema\\\/logo\\\/image\\\/\",\"url\":\"https:\\\/\\\/i0.wp.com\\\/diaper-dreams.fr\\\/wp-content\\\/uploads\\\/2025\\\/09\\\/cropped-logo-dreams-20250920071558_original.png?fit=1998%2C1111&ssl=1\",\"contentUrl\":\"https:\\\/\\\/i0.wp.com\\\/diaper-dreams.fr\\\/wp-content\\\/uploads\\\/2025\\\/09\\\/cropped-logo-dreams-20250920071558_original.png?fit=1998%2C1111&ssl=1\",\"width\":1998,\"height\":1111,\"caption\":\"Diaper Dreams\"},\"image\":{\"@id\":\"https:\\\/\\\/diaper-dreams.fr\\\/#\\\/schema\\\/logo\\\/image\\\/\"},\"sameAs\":[\"https:\\\/\\\/www.instagram.com\\\/abdl_fr_breizh\\\/\",\"https:\\\/\\\/linktr.ee\\\/abdl_breizh\"]}]}<\/script>\n<!-- \/ Yoast SEO plugin. -->","yoast_head_json":{"title":"Contact\/Other Links - Diaper Dreams","description":"Contact me easily via Instagram or discover all my content and resources on my Linktree page: linktr.ee\/abdl_breizh.","robots":{"index":"index","follow":"follow","max-snippet":"max-snippet:-1","max-image-preview":"max-image-preview:large","max-video-preview":"max-video-preview:-1"},"canonical":"https:\/\/diaper-dreams.fr\/en\/c\/","og_locale":"en_US","og_type":"article","og_title":"Contact\/Autres liens - Diaper Dreams","og_description":"Contactez-moi facilement via Instagram ou d\u00e9couvrez tous mes contenus et ressources sur ma page Linktree : linktr.ee\/abdl_breizh.","og_url":"https:\/\/diaper-dreams.fr\/en\/c\/","og_site_name":"Diaper Dreams","article_publisher":"https:\/\/www.instagram.com\/abdl_fr_breizh\/","article_modified_time":"2026-01-26T16:43:44+00:00","og_image":[{"url":"https:\/\/diaper-dreams.fr\/wp-content\/uploads\/2025\/09\/abdl-hermine-20250919111729_original-946x1024.png","type":"","width":"","height":""}],"twitter_card":"summary_large_image","twitter_misc":{"Est. reading time":"1 minute"},"schema":{"@context":"https:\/\/schema.org","@graph":[{"@type":"WebPage","@id":"https:\/\/diaper-dreams.fr\/c\/","url":"https:\/\/diaper-dreams.fr\/c\/","name":"Contact\/Other Links - Diaper Dreams","isPartOf":{"@id":"https:\/\/diaper-dreams.fr\/#website"},"primaryImageOfPage":{"@id":"https:\/\/diaper-dreams.fr\/c\/#primaryimage"},"image":{"@id":"https:\/\/diaper-dreams.fr\/c\/#primaryimage"},"thumbnailUrl":"https:\/\/diaper-dreams.fr\/wp-content\/uploads\/2025\/09\/abdl-hermine-20250919111729_original-946x1024.png","datePublished":"2024-12-07T18:51:04+00:00","dateModified":"2026-01-26T16:43:44+00:00","description":"Contact me easily via Instagram or discover all my content and resources on my Linktree page: linktr.ee\/abdl_breizh.","breadcrumb":{"@id":"https:\/\/diaper-dreams.fr\/c\/#breadcrumb"},"inLanguage":"en-US","potentialAction":[{"@type":"ReadAction","target":["https:\/\/diaper-dreams.fr\/c\/"]}]},{"@type":"ImageObject","inLanguage":"en-US","@id":"https:\/\/diaper-dreams.fr\/c\/#primaryimage","url":"https:\/\/diaper-dreams.fr\/wp-content\/uploads\/2025\/09\/abdl-hermine-20250919111729_original-946x1024.png","contentUrl":"https:\/\/diaper-dreams.fr\/wp-content\/uploads\/2025\/09\/abdl-hermine-20250919111729_original-946x1024.png"},{"@type":"BreadcrumbList","@id":"https:\/\/diaper-dreams.fr\/c\/#breadcrumb","itemListElement":[{"@type":"ListItem","position":1,"name":"Home","item":"https:\/\/diaper-dreams.fr\/"},{"@type":"ListItem","position":2,"name":"Contact\/Autres liens"}]},{"@type":"WebSite","@id":"https:\/\/diaper-dreams.fr\/#website","url":"https:\/\/diaper-dreams.fr\/","name":"Diaper Dreams","description":"ABDL Universe - Resources, Tips and Events","publisher":{"@id":"https:\/\/diaper-dreams.fr\/#organization"},"potentialAction":[{"@type":"SearchAction","target":{"@type":"EntryPoint","urlTemplate":"https:\/\/diaper-dreams.fr\/?s={search_term_string}"},"query-input":{"@type":"PropertyValueSpecification","valueRequired":true,"valueName":"search_term_string"}}],"inLanguage":"en-US"},{"@type":"Organization","@id":"https:\/\/diaper-dreams.fr\/#organization","name":"Diaper Dreams","url":"https:\/\/diaper-dreams.fr\/","logo":{"@type":"ImageObject","inLanguage":"en-US","@id":"https:\/\/diaper-dreams.fr\/#\/schema\/logo\/image\/","url":"https:\/\/i0.wp.com\/diaper-dreams.fr\/wp-content\/uploads\/2025\/09\/cropped-logo-dreams-20250920071558_original.png?fit=1998%2C1111&ssl=1","contentUrl":"https:\/\/i0.wp.com\/diaper-dreams.fr\/wp-content\/uploads\/2025\/09\/cropped-logo-dreams-20250920071558_original.png?fit=1998%2C1111&ssl=1","width":1998,"height":1111,"caption":"Diaper Dreams"},"image":{"@id":"https:\/\/diaper-dreams.fr\/#\/schema\/logo\/image\/"},"sameAs":["https:\/\/www.instagram.com\/abdl_fr_breizh\/","https:\/\/linktr.ee\/abdl_breizh"]}]}},"jetpack_sharing_enabled":true,"_links":{"self":[{"href":"https:\/\/diaper-dreams.fr\/en\/wp-json\/wp\/v2\/pages\/146","targetHints":{"allow":["GET"]}}],"collection":[{"href":"https:\/\/diaper-dreams.fr\/en\/wp-json\/wp\/v2\/pages"}],"about":[{"href":"https:\/\/diaper-dreams.fr\/en\/wp-json\/wp\/v2\/types\/page"}],"author":[{"embeddable":true,"href":"https:\/\/diaper-dreams.fr\/en\/wp-json\/wp\/v2\/users\/1"}],"replies":[{"embeddable":true,"href":"https:\/\/diaper-dreams.fr\/en\/wp-json\/wp\/v2\/comments?post=146"}],"version-history":[{"count":18,"href":"https:\/\/diaper-dreams.fr\/en\/wp-json\/wp\/v2\/pages\/146\/revisions"}],"predecessor-version":[{"id":1196,"href":"https:\/\/diaper-dreams.fr\/en\/wp-json\/wp\/v2\/pages\/146\/revisions\/1196"}],"wp:attachment":[{"href":"https:\/\/diaper-dreams.fr\/en\/wp-json\/wp\/v2\/media?parent=146"}],"curies":[{"name":"wp","href":"https:\/\/api.w.org\/{rel}","templated":true}]}}