{"id":151,"date":"2024-12-07T20:04:05","date_gmt":"2024-12-07T19:04:05","guid":{"rendered":"https:\/\/diaper-dreams.fr\/?page_id=151"},"modified":"2024-12-08T00:54:43","modified_gmt":"2024-12-07T23:54:43","slug":"abdl-song","status":"publish","type":"page","link":"https:\/\/diaper-dreams.fr\/en\/r\/abdl-song\/","title":{"rendered":"ABDL song"},"content":{"rendered":"<p>Here is a suggestion for description and acknowledgements:<\/p>\n\n\n\n<hr class=\"wp-block-separator has-alpha-channel-opacity\"\/>\n\n\n\n<h1 class=\"wp-block-heading\">1m83 by Giedr\u00e9: a song that highlights ABDL<\/h1>\n\n\n\n<p>With his unique style and sometimes biting humor, <strong>Giedre<\/strong> approaches in <em>1m83<\/em> the theme of ABDL (Adult Baby\/Diaper Lover) in a tender and uninhibited way. This song tells the story of a man who finds comfort and happiness in expressing his ABDL side, despite the misunderstandings and judgments he may encounter.<\/p>\n\n\n\n<p>We thank Giedr\u00e9 for this song which, with its lightness and authenticity, gives visibility to a community that is often misunderstood. A beautiful way to talk about diversity and acceptance!<\/p>\n\n\n\n<figure class=\"wp-block-embed is-type-video is-provider-youtube wp-block-embed-youtube wp-embed-aspect-16-9 wp-has-aspect-ratio\"><div class=\"wp-block-embed__wrapper\">\n<iframe loading=\"lazy\" title=\"GiedR\u00e9 - 1m83\" width=\"605\" height=\"340\" src=\"https:\/\/www.youtube.com\/embed\/XfqpKD80i7c?feature=oembed\" frameborder=\"0\" allow=\"accelerometer; autoplay; clipboard-write; encrypted-media; gyroscope; picture-in-picture; web-share\" referrerpolicy=\"strict-origin-when-cross-origin\" allowfullscreen><\/iframe>\n<\/div><\/figure>\n\n\n\n<h2 class=\"wp-block-heading\">Words<\/h2>\n\n\n\n<p>Statistics, data<br>Profits and losses<br>The coffee machine<br>And the canteen at lunchtime<br>Promotions, RTT<br>The benefits of the box<br>I leave everything behind<br>When I take off my tie<\/p>\n\n\n\n<p>Conferences, HRD<br>The works council<br>I don&#039;t think about all that anymore.<br>When I take off my shirt<br>And my wife too, I admit I forget her<br>When I take out my trunk of secrets<br>Hidden under the bed<\/p>\n\n\n\n<p>I unfold my play mat,<br>Nothing matters anymore,<br>And when I put on my diaper,<br>So there, I am happy,<br>My pacifier in my mouth<br>My teddy bear against me<br>I wouldn&#039;t want to be anywhere else<br>That now and there.<\/p>\n\n\n\n<p>I like the smell of talcum powder<br>and the gurgling of baby bottles<br>I like to be changed<br>when I&#039;m wet<br>And the cotton bibs<br>I don&#039;t disguise myself,<br>I dress how I feel<\/p>\n\n\n\n<p>A six-foot-three baby<\/p>\n\n\n\n<p>I was doing this all by myself<br>quiet in my corner<br>But in the end we feel alone<br>All alone in his corner<br>I contacted prostitutes<br>But I didn&#039;t like it too much<br>I could see that it was just<br>For the money they were slapping me<\/p>\n\n\n\n<p>Luckily I discovered<br>The community on the internet<br>We meet to tweet<br>There, no one judges anyone.<br>We sometimes congratulate ourselves<br>When there is one who dares<br>wear a diaper outside the home<\/p>\n\n\n\n<p>I did it one day to impress<br>friends of the site<br>I had put a diaper under my costume<br>It got out quickly<br>I was in the top three<br>It&#039;s true that I had done well<br>It was at my daughter&#039;s wedding<br>I won the golden pacifier<\/p>\n\n\n\n<p>I like the smell of talcum powder<br>and the gurgling of baby bottles<br>I like to be changed<br>when I&#039;m wet<br>And the cotton bibs<br>I don&#039;t disguise myself,<br>I dress how I feel<\/p>\n\n\n\n<p>A six-foot-three baby<\/p>\n\n\n\n<p>They say it takes all sorts to make a<br>a world yes we say that<br>But when you&#039;re not like everyone else<br>The world, well, it doesn&#039;t want you.<br>I know, I tried<br>to talk to my wife about it<br>I saw the fear in his eyes<br>I had to avoid the drama<\/p>\n\n\n\n<p>I said it was for fun And<br>she laughed, she even laughed<br>without being able to stop<br>Imagining that adults<br>put on diapers<br>Wear onesies<br>thumb in mouth<\/p>\n\n\n\n<p>She tells her friends about it<br>Of those crazy people who have a grain<br>And during dinners<br>It makes my friends laugh<br>They go on the internet<br>And search for images<br>Sometimes they fall on me<br>Always always hide your face<\/p>\n\n\n\n<p>But I like the smell of talcum powder.<br>and the gurgling of baby bottles<br>I like to be changed<br>when I&#039;m wet<br>And the cotton bibs<br>I don&#039;t disguise myself,<br>I dress how I feel<\/p>\n\n\n\n<p>A six-foot-three baby<\/p>","protected":false},"excerpt":{"rendered":"<p>Here is a suggestion for the description and the acknowledgements: 1m83 by Giedr\u00e9: a song that highlights the ABDL With his unique style and his sometimes biting humor, Giedr\u00e9 addresses in 1m83 the theme of the ABDL (Adult Baby\/Diaper \u2026<\/p>\n<p class=\"read-more\"> <a class=\"more-link\" href=\"https:\/\/diaper-dreams.fr\/en\/r\/abdl-song\/\"> <span class=\"screen-reader-text\">ABDL song<\/span> Read More \u00bb<\/a><\/p>","protected":false},"author":1,"featured_media":0,"parent":13,"menu_order":60,"comment_status":"closed","ping_status":"closed","template":"","meta":{"footnotes":""},"class_list":["post-151","page","type-page","status-publish","hentry"],"yoast_head":"<!-- This site is optimized with the Yoast SEO plugin v27.5 - https:\/\/yoast.com\/product\/yoast-seo-wordpress\/ -->\n<title>Une chanson ABDL - Diaper Dreams<\/title>\n<meta name=\"description\" content=\"Une chanson touchante et originale de Giedr\u00e9, 1m83 explore avec l\u00e9g\u00e8ret\u00e9 l&#039;univers de l&#039;ABDL et l&#039;importance de l&#039;acceptation de soi.\" \/>\n<meta name=\"robots\" content=\"index, follow, max-snippet:-1, max-image-preview:large, max-video-preview:-1\" \/>\n<link rel=\"canonical\" href=\"https:\/\/diaper-dreams.fr\/en\/r\/abdl-song\/\" \/>\n<meta property=\"og:locale\" content=\"en_US\" \/>\n<meta property=\"og:type\" content=\"article\" \/>\n<meta property=\"og:title\" content=\"Une chanson ABDL - Diaper Dreams\" \/>\n<meta property=\"og:description\" content=\"Une chanson touchante et originale de Giedr\u00e9, 1m83 explore avec l\u00e9g\u00e8ret\u00e9 l&#039;univers de l&#039;ABDL et l&#039;importance de l&#039;acceptation de soi.\" \/>\n<meta property=\"og:url\" content=\"https:\/\/diaper-dreams.fr\/en\/r\/abdl-song\/\" \/>\n<meta property=\"og:site_name\" content=\"Diaper Dreams\" \/>\n<meta property=\"article:publisher\" content=\"https:\/\/www.instagram.com\/abdl_fr_breizh\/\" \/>\n<meta property=\"article:modified_time\" content=\"2024-12-07T23:54:43+00:00\" \/>\n<meta name=\"twitter:card\" content=\"summary_large_image\" \/>\n<meta name=\"twitter:label1\" content=\"Est. reading time\" \/>\n\t<meta name=\"twitter:data1\" content=\"3 minutes\" \/>\n<script type=\"application\/ld+json\" class=\"yoast-schema-graph\">{\"@context\":\"https:\\\/\\\/schema.org\",\"@graph\":[{\"@type\":\"WebPage\",\"@id\":\"https:\\\/\\\/diaper-dreams.fr\\\/r\\\/abdl-song\\\/\",\"url\":\"https:\\\/\\\/diaper-dreams.fr\\\/r\\\/abdl-song\\\/\",\"name\":\"Une chanson ABDL - Diaper Dreams\",\"isPartOf\":{\"@id\":\"https:\\\/\\\/diaper-dreams.fr\\\/#website\"},\"datePublished\":\"2024-12-07T19:04:05+00:00\",\"dateModified\":\"2024-12-07T23:54:43+00:00\",\"description\":\"Une chanson touchante et originale de Giedr\u00e9, 1m83 explore avec l\u00e9g\u00e8ret\u00e9 l'univers de l'ABDL et l'importance de l'acceptation de soi.\",\"breadcrumb\":{\"@id\":\"https:\\\/\\\/diaper-dreams.fr\\\/r\\\/abdl-song\\\/#breadcrumb\"},\"inLanguage\":\"en-US\",\"potentialAction\":[{\"@type\":\"ReadAction\",\"target\":[\"https:\\\/\\\/diaper-dreams.fr\\\/r\\\/abdl-song\\\/\"]}]},{\"@type\":\"BreadcrumbList\",\"@id\":\"https:\\\/\\\/diaper-dreams.fr\\\/r\\\/abdl-song\\\/#breadcrumb\",\"itemListElement\":[{\"@type\":\"ListItem\",\"position\":1,\"name\":\"Home\",\"item\":\"https:\\\/\\\/diaper-dreams.fr\\\/\"},{\"@type\":\"ListItem\",\"position\":2,\"name\":\"Ressources\",\"item\":\"https:\\\/\\\/diaper-dreams.fr\\\/r\\\/\"},{\"@type\":\"ListItem\",\"position\":3,\"name\":\"Une chanson ABDL\"}]},{\"@type\":\"WebSite\",\"@id\":\"https:\\\/\\\/diaper-dreams.fr\\\/#website\",\"url\":\"https:\\\/\\\/diaper-dreams.fr\\\/\",\"name\":\"Diaper Dreams\",\"description\":\"L&#039;Univers ABDL - Ressources, Conseils et \u00c9v\u00e9nements\",\"publisher\":{\"@id\":\"https:\\\/\\\/diaper-dreams.fr\\\/#organization\"},\"potentialAction\":[{\"@type\":\"SearchAction\",\"target\":{\"@type\":\"EntryPoint\",\"urlTemplate\":\"https:\\\/\\\/diaper-dreams.fr\\\/?s={search_term_string}\"},\"query-input\":{\"@type\":\"PropertyValueSpecification\",\"valueRequired\":true,\"valueName\":\"search_term_string\"}}],\"inLanguage\":\"en-US\"},{\"@type\":\"Organization\",\"@id\":\"https:\\\/\\\/diaper-dreams.fr\\\/#organization\",\"name\":\"Diaper Dreams\",\"url\":\"https:\\\/\\\/diaper-dreams.fr\\\/\",\"logo\":{\"@type\":\"ImageObject\",\"inLanguage\":\"en-US\",\"@id\":\"https:\\\/\\\/diaper-dreams.fr\\\/#\\\/schema\\\/logo\\\/image\\\/\",\"url\":\"https:\\\/\\\/i0.wp.com\\\/diaper-dreams.fr\\\/wp-content\\\/uploads\\\/2025\\\/09\\\/cropped-logo-dreams-20250920071558_original.png?fit=1998%2C1111&ssl=1\",\"contentUrl\":\"https:\\\/\\\/i0.wp.com\\\/diaper-dreams.fr\\\/wp-content\\\/uploads\\\/2025\\\/09\\\/cropped-logo-dreams-20250920071558_original.png?fit=1998%2C1111&ssl=1\",\"width\":1998,\"height\":1111,\"caption\":\"Diaper Dreams\"},\"image\":{\"@id\":\"https:\\\/\\\/diaper-dreams.fr\\\/#\\\/schema\\\/logo\\\/image\\\/\"},\"sameAs\":[\"https:\\\/\\\/www.instagram.com\\\/abdl_fr_breizh\\\/\",\"https:\\\/\\\/linktr.ee\\\/abdl_breizh\"]}]}<\/script>\n<!-- \/ Yoast SEO plugin. -->","yoast_head_json":{"title":"An ABDL Song - Diaper Dreams","description":"A touching and original song by Giedr\u00e9, 1m83 lightly explores the world of ABDL and the importance of self-acceptance.","robots":{"index":"index","follow":"follow","max-snippet":"max-snippet:-1","max-image-preview":"max-image-preview:large","max-video-preview":"max-video-preview:-1"},"canonical":"https:\/\/diaper-dreams.fr\/en\/r\/abdl-song\/","og_locale":"en_US","og_type":"article","og_title":"Une chanson ABDL - Diaper Dreams","og_description":"Une chanson touchante et originale de Giedr\u00e9, 1m83 explore avec l\u00e9g\u00e8ret\u00e9 l'univers de l'ABDL et l'importance de l'acceptation de soi.","og_url":"https:\/\/diaper-dreams.fr\/en\/r\/abdl-song\/","og_site_name":"Diaper Dreams","article_publisher":"https:\/\/www.instagram.com\/abdl_fr_breizh\/","article_modified_time":"2024-12-07T23:54:43+00:00","twitter_card":"summary_large_image","twitter_misc":{"Est. reading time":"3 minutes"},"schema":{"@context":"https:\/\/schema.org","@graph":[{"@type":"WebPage","@id":"https:\/\/diaper-dreams.fr\/r\/abdl-song\/","url":"https:\/\/diaper-dreams.fr\/r\/abdl-song\/","name":"An ABDL Song - Diaper Dreams","isPartOf":{"@id":"https:\/\/diaper-dreams.fr\/#website"},"datePublished":"2024-12-07T19:04:05+00:00","dateModified":"2024-12-07T23:54:43+00:00","description":"A touching and original song by Giedr\u00e9, 1m83 lightly explores the world of ABDL and the importance of self-acceptance.","breadcrumb":{"@id":"https:\/\/diaper-dreams.fr\/r\/abdl-song\/#breadcrumb"},"inLanguage":"en-US","potentialAction":[{"@type":"ReadAction","target":["https:\/\/diaper-dreams.fr\/r\/abdl-song\/"]}]},{"@type":"BreadcrumbList","@id":"https:\/\/diaper-dreams.fr\/r\/abdl-song\/#breadcrumb","itemListElement":[{"@type":"ListItem","position":1,"name":"Home","item":"https:\/\/diaper-dreams.fr\/"},{"@type":"ListItem","position":2,"name":"Ressources","item":"https:\/\/diaper-dreams.fr\/r\/"},{"@type":"ListItem","position":3,"name":"Une chanson ABDL"}]},{"@type":"WebSite","@id":"https:\/\/diaper-dreams.fr\/#website","url":"https:\/\/diaper-dreams.fr\/","name":"Diaper Dreams","description":"ABDL Universe - Resources, Tips and Events","publisher":{"@id":"https:\/\/diaper-dreams.fr\/#organization"},"potentialAction":[{"@type":"SearchAction","target":{"@type":"EntryPoint","urlTemplate":"https:\/\/diaper-dreams.fr\/?s={search_term_string}"},"query-input":{"@type":"PropertyValueSpecification","valueRequired":true,"valueName":"search_term_string"}}],"inLanguage":"en-US"},{"@type":"Organization","@id":"https:\/\/diaper-dreams.fr\/#organization","name":"Diaper Dreams","url":"https:\/\/diaper-dreams.fr\/","logo":{"@type":"ImageObject","inLanguage":"en-US","@id":"https:\/\/diaper-dreams.fr\/#\/schema\/logo\/image\/","url":"https:\/\/i0.wp.com\/diaper-dreams.fr\/wp-content\/uploads\/2025\/09\/cropped-logo-dreams-20250920071558_original.png?fit=1998%2C1111&ssl=1","contentUrl":"https:\/\/i0.wp.com\/diaper-dreams.fr\/wp-content\/uploads\/2025\/09\/cropped-logo-dreams-20250920071558_original.png?fit=1998%2C1111&ssl=1","width":1998,"height":1111,"caption":"Diaper Dreams"},"image":{"@id":"https:\/\/diaper-dreams.fr\/#\/schema\/logo\/image\/"},"sameAs":["https:\/\/www.instagram.com\/abdl_fr_breizh\/","https:\/\/linktr.ee\/abdl_breizh"]}]}},"jetpack_sharing_enabled":true,"_links":{"self":[{"href":"https:\/\/diaper-dreams.fr\/en\/wp-json\/wp\/v2\/pages\/151","targetHints":{"allow":["GET"]}}],"collection":[{"href":"https:\/\/diaper-dreams.fr\/en\/wp-json\/wp\/v2\/pages"}],"about":[{"href":"https:\/\/diaper-dreams.fr\/en\/wp-json\/wp\/v2\/types\/page"}],"author":[{"embeddable":true,"href":"https:\/\/diaper-dreams.fr\/en\/wp-json\/wp\/v2\/users\/1"}],"replies":[{"embeddable":true,"href":"https:\/\/diaper-dreams.fr\/en\/wp-json\/wp\/v2\/comments?post=151"}],"version-history":[{"count":2,"href":"https:\/\/diaper-dreams.fr\/en\/wp-json\/wp\/v2\/pages\/151\/revisions"}],"predecessor-version":[{"id":153,"href":"https:\/\/diaper-dreams.fr\/en\/wp-json\/wp\/v2\/pages\/151\/revisions\/153"}],"up":[{"embeddable":true,"href":"https:\/\/diaper-dreams.fr\/en\/wp-json\/wp\/v2\/pages\/13"}],"wp:attachment":[{"href":"https:\/\/diaper-dreams.fr\/en\/wp-json\/wp\/v2\/media?parent=151"}],"curies":[{"name":"wp","href":"https:\/\/api.w.org\/{rel}","templated":true}]}}