{"id":309,"date":"2025-01-28T22:27:09","date_gmt":"2025-01-28T21:27:09","guid":{"rendered":"https:\/\/diaper-dreams.fr\/?page_id=309"},"modified":"2026-04-15T16:10:32","modified_gmt":"2026-04-15T15:10:32","slug":"kdp","status":"publish","type":"page","link":"https:\/\/diaper-dreams.fr\/en\/kdp-redirect\/kdp\/","title":{"rendered":"Kinky Diaper Party"},"content":{"rendered":"<p class=\"has-text-align-right\"><em>Updated on April 14, 2026<\/em><\/p>\n\n\n<div class=\"wp-block-image\">\n<figure class=\"aligncenter size-large is-resized\"><img data-recalc-dims=\"1\" loading=\"lazy\" decoding=\"async\" width=\"605\" height=\"807\" data-attachment-id=\"1386\" data-permalink=\"https:\/\/diaper-dreams.fr\/en\/img_0843-3\/\" data-orig-file=\"https:\/\/i0.wp.com\/diaper-dreams.fr\/wp-content\/uploads\/2026\/04\/img_0843-2-scaled.jpg?fit=1920%2C2560&amp;ssl=1\" data-orig-size=\"1920,2560\" data-comments-opened=\"0\" data-image-meta=\"{&quot;aperture&quot;:&quot;1.6&quot;,&quot;credit&quot;:&quot;&quot;,&quot;camera&quot;:&quot;iPhone 12 Pro&quot;,&quot;caption&quot;:&quot;&quot;,&quot;created_timestamp&quot;:&quot;1775926167&quot;,&quot;copyright&quot;:&quot;&quot;,&quot;focal_length&quot;:&quot;4.2&quot;,&quot;iso&quot;:&quot;1000&quot;,&quot;shutter_speed&quot;:&quot;0.05&quot;,&quot;title&quot;:&quot;&quot;,&quot;orientation&quot;:&quot;1&quot;}\" data-image-title=\"img_0843\" data-image-description=\"\" data-image-caption=\"\" data-large-file=\"https:\/\/i0.wp.com\/diaper-dreams.fr\/wp-content\/uploads\/2026\/04\/img_0843-2-scaled.jpg?fit=605%2C807&amp;ssl=1\" src=\"https:\/\/i0.wp.com\/diaper-dreams.fr\/wp-content\/uploads\/2026\/04\/img_0843-2.jpg?resize=605%2C807&#038;ssl=1\" alt=\"\" class=\"wp-image-1386\" style=\"width:278px;height:auto\" srcset=\"https:\/\/i0.wp.com\/diaper-dreams.fr\/wp-content\/uploads\/2026\/04\/img_0843-2-scaled.jpg?resize=768%2C1024&amp;ssl=1 768w, https:\/\/i0.wp.com\/diaper-dreams.fr\/wp-content\/uploads\/2026\/04\/img_0843-2-scaled.jpg?resize=225%2C300&amp;ssl=1 225w, https:\/\/i0.wp.com\/diaper-dreams.fr\/wp-content\/uploads\/2026\/04\/img_0843-2-scaled.jpg?resize=1152%2C1536&amp;ssl=1 1152w, https:\/\/i0.wp.com\/diaper-dreams.fr\/wp-content\/uploads\/2026\/04\/img_0843-2-scaled.jpg?resize=1536%2C2048&amp;ssl=1 1536w, https:\/\/i0.wp.com\/diaper-dreams.fr\/wp-content\/uploads\/2026\/04\/img_0843-2-scaled.jpg?resize=9%2C12&amp;ssl=1 9w, https:\/\/i0.wp.com\/diaper-dreams.fr\/wp-content\/uploads\/2026\/04\/img_0843-2-scaled.jpg?resize=100%2C133&amp;ssl=1 100w, https:\/\/i0.wp.com\/diaper-dreams.fr\/wp-content\/uploads\/2026\/04\/img_0843-2-scaled.jpg?resize=150%2C200&amp;ssl=1 150w, https:\/\/i0.wp.com\/diaper-dreams.fr\/wp-content\/uploads\/2026\/04\/img_0843-2-scaled.jpg?resize=200%2C267&amp;ssl=1 200w, https:\/\/i0.wp.com\/diaper-dreams.fr\/wp-content\/uploads\/2026\/04\/img_0843-2-scaled.jpg?resize=300%2C400&amp;ssl=1 300w, https:\/\/i0.wp.com\/diaper-dreams.fr\/wp-content\/uploads\/2026\/04\/img_0843-2-scaled.jpg?resize=450%2C600&amp;ssl=1 450w, https:\/\/i0.wp.com\/diaper-dreams.fr\/wp-content\/uploads\/2026\/04\/img_0843-2-scaled.jpg?resize=600%2C800&amp;ssl=1 600w, https:\/\/i0.wp.com\/diaper-dreams.fr\/wp-content\/uploads\/2026\/04\/img_0843-2-scaled.jpg?resize=900%2C1200&amp;ssl=1 900w, https:\/\/i0.wp.com\/diaper-dreams.fr\/wp-content\/uploads\/2026\/04\/img_0843-2-scaled.jpg?w=1920&amp;ssl=1 1920w, https:\/\/i0.wp.com\/diaper-dreams.fr\/wp-content\/uploads\/2026\/04\/img_0843-2-scaled.jpg?w=1210&amp;ssl=1 1210w, https:\/\/i0.wp.com\/diaper-dreams.fr\/wp-content\/uploads\/2026\/04\/img_0843-2-scaled.jpg?w=1815&amp;ssl=1 1815w\" sizes=\"auto, (max-width: 605px) 100vw, 605px\" \/><\/figure>\n<\/div>\n\n\n<p><strong>The event is now over. The entire team is working actively.<\/strong> to the preparation of <a href=\"https:\/\/diaper-dreams.fr\/en\/2026-07-31-kinky-diaper-camp\/\" target=\"_blank\" rel=\"noreferrer noopener\">Kinky Diaper Camp<\/a>. <\/p>\n\n\n\n<p><em>We don&#039;t have a date for the fourth edition, but we plan to keep the same format: a <strong>informal drinks <\/strong>THE <strong>Friday evening<\/strong> in a <strong>public bar<\/strong>, the KDP evening of <strong>SATURDAY<\/strong> , and a <strong>friendly brunch<\/strong> THE <strong>Sunday morning<\/strong> in a public, non-privatized space.<\/em><\/p>\n\n\n\n<p>Information about the Kinky Diaper Camp summer camp, which will take place from July 31st to August 2nd, is available on the... <a href=\"https:\/\/www.instagram.com\/p\/DULfSa8Ao6H\/?igsh=ZzlkZXV0YTh0YjVr\" target=\"_blank\" rel=\"noreferrer noopener\">KDP Instagram page<\/a>. <\/p>\n\n\n\n<hr class=\"wp-block-separator has-alpha-channel-opacity is-style-wide\"\/>\n\n\n\n<p>Inspired by the Diaper Dungeon, the <strong>Kinky Diaper Party<\/strong> (KDP) is an event <strong>ABDL<\/strong> where all the <strong>kinks<\/strong> are welcome.<br>There <strong>Kinky Diaper Party<\/strong> is a space for free expression, where everyone can explore, have fun and celebrate their desires in an inclusive setting. This is an event reserved for adults.<\/p>\n\n\n\n<p>There <strong>Kinky Diaper Party <\/strong>is officially sponsored by <strong>Diaper<\/strong> <strong>minister<\/strong>. We thank them for their commitment to the community. <strong>ABDL<\/strong> and their invaluable support for the events. We also thank our partners: <strong>France-ABDL<\/strong> And <strong>LANGUAGE<\/strong> who support the event. <\/p>\n\n\n\n<h2 class=\"wp-block-heading\">Trigger Warning<\/h2>\n\n\n\n<p>The Kinky Diaper Party (KDP) is an inclusive kinky party where some practices may be perceived as shocking by an uninformed public (ABDL, bondage, humiliation, wearing diapers, etc.). This evening is therefore aimed at a consenting, respectful public curious about alternative and fetish worlds.<\/p>\n\n\n\n<p>Anyone who has engaged in dangerous, disrespectful, or harmful behavior at previous events, or who has been involved in online harassment, is not welcome and will be refused entry.<\/p>\n\n\n\n<p>The Kinky Diaper Party is a RACK (Risk Aware Consensual Kink) type event.<\/p>\n\n\n\n<p>By participating, you agree to be exposed to explicit fetish practices and attire. The RACK concept implies that you take responsibility for your own visual comfort zone. We therefore invite you to come with an open mind and a full awareness of the world presented. By entering, you confirm your compatibility with this freedom of expression and acknowledge that the visual content of the evening or the practices involved cannot be subject to any subsequent complaints.<\/p>\n\n\n\n<p>More information about the RACK can be found at:<\/p>\n\n\n\n<p><a href=\"https:\/\/fetlife.com\/kinktionary\/consent\/%E2%80%A8risk-aware-consensual-kink-rack-1mxhg\">https:\/\/fetlife.com\/kinktionary\/consent\/<br>risk-aware-consensual-kink-rack-1mxhg<\/a><\/p>\n\n\n\n<h2 class=\"wp-block-heading\">Program<\/h2>\n\n\n\n<p>The Kinky Diaper Party is first and foremost a space for sharing, freedom, and empowerment. We know that coming to a kink event isn&#039;t always easy, especially when it involves discovering or embracing an intimate part of yourself. That&#039;s why, throughout the evening, we offer icebreaker games, entertainment, a contest, and a show designed to put people at ease and encourage interaction. During these games, you&#039;ll also have the chance to win prizes offered by our partners and sponsors.<\/p>\n\n\n\n<h4 class=\"wp-block-heading\">The times and areas of the different activities will be specified later in the program, which will also be sent to you by email (along with the rules).<\/h4>\n\n\n\n<p>On-site signage will indicate, for example, the deadline for submitting drawings or the end of the treasure hunt, so that everyone can fully enjoy the evening.<\/p>\n\n\n\n<hr class=\"wp-block-separator has-alpha-channel-opacity\"\/>\n\n\n\n<p class=\"has-text-align-center\"><strong><em>Where Fun, Diapers, and Kinks Meet!<\/em><\/strong><\/p>\n\n\n\n<h1 class=\"wp-block-heading\">THE PLACE<\/h1>\n\n\n\n<p>The Kinky Diaper Party will be held at the sauna <strong>Le Carr\u00e9 Rouge, 15 Rue de la Doneli\u00e8re, 35000 Rennes<\/strong>. This place offers many amenities to ensure a pleasant experience for everyone.<\/p>\n\n\n\n<ul class=\"wp-block-list\">\n<li>Changing rooms included in the entry price (see section below).<\/li>\n\n\n\n<li>Several rooms, including small changing areas for added comfort.<\/li>\n\n\n\n<li> The location is easily accessible by public transport, and parking spaces are available nearby.<\/li>\n\n\n\n<li>Credit cards accepted at the bar.<\/li>\n<\/ul>\n\n\n\n<h1 class=\"wp-block-heading\">LOCKER ROOMS<\/h1>\n\n\n\n<p>Cloakrooms are included in the entrance fee.<br>The changing rooms have lockers which you will have access to with a key which will be given to you at the entrance to the evening (like at the swimming pool).<br>Access to the changing rooms is unlimited.<br>There is no need to take any coins.<\/p>\n\n\n\n<h1 class=\"wp-block-heading\">DRESSCODE<\/h1>\n\n\n\n<p>There <strong>Kinky Diaper Party<\/strong> is a space of freedom and expression, where everyone can give free rein to their creativity through their look.<\/p>\n\n\n\n<p>Whether you opt for a bold fetish outfit or a more playful style, the important thing is to feel good and in tune with the atmosphere. <strong>kinky<\/strong> And <strong>ABDL<\/strong> of the event.<\/p>\n\n\n\n<p>\u2705 Example of outfits:<\/p>\n\n\n\n<ul class=\"wp-block-list\">\n<li>In layers! With or without additional clothing (bare breasts are allowed, regardless of your gender)<\/li>\n\n\n\n<li>In little mode! Bodysuit, pajamas, school outfit\u2026<\/li>\n\n\n\n<li>In costume as a daddy, mommy, nurse, babysitter\u2026<\/li>\n\n\n\n<li>In BDSM attire: whether you&#039;re in dominance or submission mode! Don&#039;t forget your favorite toys\u2026<\/li>\n\n\n\n<li>In latex, vinyl, leather clothing\u2026<\/li>\n\n\n\n<li>In puppy\/cat\/petplay<\/li>\n\n\n\n<li>In sissy<\/li>\n\n\n\n<li>All other alternative looks are welcome too!<\/li>\n<\/ul>\n\n\n\n<p>\u274c Not allowed: <\/p>\n\n\n\n<ul class=\"wp-block-list\">\n<li>Complete nudity<\/li>\n<\/ul>\n\n\n\n<h1 class=\"wp-block-heading\">PRICES\/TICKETS<\/h1>\n\n\n\n<p>Tickets are available at:<\/p>\n\n\n\n<p class=\"has-text-align-center\"><a href=\"https:\/\/my.weezevent.com\/kdp-3\" target=\"_blank\" rel=\"noreferrer noopener\">https:\/\/my.weezevent.com\/kdp-3<\/a><\/p>\n\n\n\n<p>\u26a0\ufe0f No sales on site, remember to buy your ticket in advance to guarantee your entry.<\/p>\n\n\n\n<h1 class=\"wp-block-heading\">RULES<\/h1>\n\n\n\n<p>To ensure a respectful evening, we ask everyone to respect the following rules:<\/p>\n\n\n\n<p>\ud83d\udd1e Event strictly reserved for adults. Proof of identity may be requested in case of doubt.<br>\ud83d\udeab No nudity allowed. A diaper or underwear is mandatory for the bottom. For the top, it&#039;s free, regardless of gender.<br>\ud83d\udca9 No feces. Soiled diapers (poop) are not allowed.<br>\ud83d\udd12 Respect for absolute consent. We want everyone to feel safe. No harassment or pressure. If it&#039;s not a &quot;yes&quot;, it&#039;s a no. For example, we ask if we can check someone&#039;s diaper before doing it. <br>\ud83d\udda4 Sexual acts are not permitted in the AB area.<br>\ud83d\udcf8 Photography is prohibited. The use of mobile phones is banned throughout the premises.<\/p>\n\n\n\n<p class=\"has-text-align-center\"><em><strong>The staff reserves the right to expel anyone who does not comply with these rules!<\/strong><\/em><\/p>\n\n\n\n<p>We also post information on Instagram:<\/p>\n\n\n\n<p><a href=\"https:\/\/www.instagram.com\/kinky_diaper_party\" target=\"_blank\" rel=\"noreferrer noopener\">instagram.com\/kinky_diaper_party<\/a><\/p>\n\n\n\n<h3 class=\"wp-block-heading\"><a href=\"https:\/\/diaper-dreams.fr\/en\/kdp-redirect\/kdp-videos\/\">See also the archived media pages.<\/a><\/h3>\n\n\n\n<hr class=\"wp-block-separator has-alpha-channel-opacity\"\/>\n\n\n<div class=\"wp-block-image\">\n<figure class=\"aligncenter size-large\"><img data-recalc-dims=\"1\" loading=\"lazy\" decoding=\"async\" width=\"605\" height=\"605\" data-attachment-id=\"1245\" data-permalink=\"https:\/\/diaper-dreams.fr\/en\/kdp-redirect\/kdp\/carre_logo_site_web\/\" data-orig-file=\"https:\/\/i0.wp.com\/diaper-dreams.fr\/wp-content\/uploads\/2026\/01\/carre_logo_site_web.png?fit=1080%2C1080&amp;ssl=1\" data-orig-size=\"1080,1080\" data-comments-opened=\"0\" data-image-meta=\"{&quot;aperture&quot;:&quot;0&quot;,&quot;credit&quot;:&quot;&quot;,&quot;camera&quot;:&quot;&quot;,&quot;caption&quot;:&quot;&quot;,&quot;created_timestamp&quot;:&quot;0&quot;,&quot;copyright&quot;:&quot;&quot;,&quot;focal_length&quot;:&quot;0&quot;,&quot;iso&quot;:&quot;0&quot;,&quot;shutter_speed&quot;:&quot;0&quot;,&quot;title&quot;:&quot;&quot;,&quot;orientation&quot;:&quot;0&quot;}\" data-image-title=\"carr\u00e9_logo_site_web\" data-image-description=\"\" data-image-caption=\"\" data-large-file=\"https:\/\/i0.wp.com\/diaper-dreams.fr\/wp-content\/uploads\/2026\/01\/carre_logo_site_web.png?fit=605%2C605&amp;ssl=1\" src=\"https:\/\/i0.wp.com\/diaper-dreams.fr\/wp-content\/uploads\/2026\/01\/carre_logo_site_web.png?resize=605%2C605&#038;ssl=1\" alt=\"\" class=\"wp-image-1245\" srcset=\"https:\/\/i0.wp.com\/diaper-dreams.fr\/wp-content\/uploads\/2026\/01\/carre_logo_site_web.png?resize=1024%2C1024&amp;ssl=1 1024w, https:\/\/i0.wp.com\/diaper-dreams.fr\/wp-content\/uploads\/2026\/01\/carre_logo_site_web.png?resize=300%2C300&amp;ssl=1 300w, https:\/\/i0.wp.com\/diaper-dreams.fr\/wp-content\/uploads\/2026\/01\/carre_logo_site_web.png?resize=150%2C150&amp;ssl=1 150w, https:\/\/i0.wp.com\/diaper-dreams.fr\/wp-content\/uploads\/2026\/01\/carre_logo_site_web.png?resize=768%2C768&amp;ssl=1 768w, https:\/\/i0.wp.com\/diaper-dreams.fr\/wp-content\/uploads\/2026\/01\/carre_logo_site_web.png?resize=12%2C12&amp;ssl=1 12w, https:\/\/i0.wp.com\/diaper-dreams.fr\/wp-content\/uploads\/2026\/01\/carre_logo_site_web.png?resize=100%2C100&amp;ssl=1 100w, https:\/\/i0.wp.com\/diaper-dreams.fr\/wp-content\/uploads\/2026\/01\/carre_logo_site_web.png?resize=200%2C200&amp;ssl=1 200w, https:\/\/i0.wp.com\/diaper-dreams.fr\/wp-content\/uploads\/2026\/01\/carre_logo_site_web.png?resize=450%2C450&amp;ssl=1 450w, https:\/\/i0.wp.com\/diaper-dreams.fr\/wp-content\/uploads\/2026\/01\/carre_logo_site_web.png?resize=600%2C600&amp;ssl=1 600w, https:\/\/i0.wp.com\/diaper-dreams.fr\/wp-content\/uploads\/2026\/01\/carre_logo_site_web.png?resize=900%2C900&amp;ssl=1 900w, https:\/\/i0.wp.com\/diaper-dreams.fr\/wp-content\/uploads\/2026\/01\/carre_logo_site_web.png?w=1080&amp;ssl=1 1080w\" sizes=\"auto, (max-width: 605px) 100vw, 605px\" \/><\/figure>\n<\/div>\n\n\n<hr class=\"wp-block-separator has-alpha-channel-opacity\"\/>","protected":false},"excerpt":{"rendered":"<p>Updated April 14, 2026. The event is now over. The entire team is actively working on preparing the Kinky Diaper Camp. We don&#039;t have a date for the fourth edition yet, but we plan to keep the same format: a\u2026<\/p>\n<p class=\"read-more\"> <a class=\"more-link\" href=\"https:\/\/diaper-dreams.fr\/en\/kdp-redirect\/kdp\/\"> <span class=\"screen-reader-text\">Kinky Diaper Party<\/span> Read More \u00bb<\/a><\/p>","protected":false},"author":1,"featured_media":0,"parent":421,"menu_order":1,"comment_status":"closed","ping_status":"closed","template":"","meta":{"footnotes":""},"class_list":["post-309","page","type-page","status-publish","hentry"],"yoast_head":"<!-- This site is optimized with the Yoast SEO plugin v27.5 - https:\/\/yoast.com\/product\/yoast-seo-wordpress\/ -->\n<title>Kinky Diaper Party - Diaper Dreams<\/title>\n<meta name=\"description\" content=\"Rejoignez la Kinky Diaper Party (KDP) \u00e0 Rennes, un \u00e9v\u00e9nement ABDL inclusif o\u00f9 tous les kinks sont les bienvenus. D\u00e9couvrez des shows, des jeux, un dancefloor et un espace d\u00e9di\u00e9 aux cr\u00e9ations kinky et ABDL. Un lieu s\u00fbr, respectueux et fun pour explorer vos d\u00e9sirs.\" \/>\n<meta name=\"robots\" content=\"index, follow, max-snippet:-1, max-image-preview:large, max-video-preview:-1\" \/>\n<link rel=\"canonical\" href=\"https:\/\/diaper-dreams.fr\/en\/kdp-redirect\/kdp\/\" \/>\n<meta property=\"og:locale\" content=\"en_US\" \/>\n<meta property=\"og:type\" content=\"article\" \/>\n<meta property=\"og:title\" content=\"Kinky Diaper Party - Diaper Dreams\" \/>\n<meta property=\"og:description\" content=\"Rejoignez la Kinky Diaper Party (KDP) \u00e0 Rennes, un \u00e9v\u00e9nement ABDL inclusif o\u00f9 tous les kinks sont les bienvenus. D\u00e9couvrez des shows, des jeux, un dancefloor et un espace d\u00e9di\u00e9 aux cr\u00e9ations kinky et ABDL. Un lieu s\u00fbr, respectueux et fun pour explorer vos d\u00e9sirs.\" \/>\n<meta property=\"og:url\" content=\"https:\/\/diaper-dreams.fr\/en\/kdp-redirect\/kdp\/\" \/>\n<meta property=\"og:site_name\" content=\"Diaper Dreams\" \/>\n<meta property=\"article:publisher\" content=\"https:\/\/www.instagram.com\/abdl_fr_breizh\/\" \/>\n<meta property=\"article:modified_time\" content=\"2026-04-15T15:10:32+00:00\" \/>\n<meta property=\"og:image\" content=\"https:\/\/diaper-dreams.fr\/wp-content\/uploads\/2026\/04\/img_0843-2-768x1024.jpg\" \/>\n<meta name=\"twitter:card\" content=\"summary_large_image\" \/>\n<meta name=\"twitter:label1\" content=\"Est. reading time\" \/>\n\t<meta name=\"twitter:data1\" content=\"6 minutes\" \/>\n<script type=\"application\/ld+json\" class=\"yoast-schema-graph\">{\"@context\":\"https:\\\/\\\/schema.org\",\"@graph\":[{\"@type\":\"WebPage\",\"@id\":\"https:\\\/\\\/diaper-dreams.fr\\\/kdp-redirect\\\/kdp\\\/\",\"url\":\"https:\\\/\\\/diaper-dreams.fr\\\/kdp-redirect\\\/kdp\\\/\",\"name\":\"Kinky Diaper Party - Diaper Dreams\",\"isPartOf\":{\"@id\":\"https:\\\/\\\/diaper-dreams.fr\\\/#website\"},\"primaryImageOfPage\":{\"@id\":\"https:\\\/\\\/diaper-dreams.fr\\\/kdp-redirect\\\/kdp\\\/#primaryimage\"},\"image\":{\"@id\":\"https:\\\/\\\/diaper-dreams.fr\\\/kdp-redirect\\\/kdp\\\/#primaryimage\"},\"thumbnailUrl\":\"https:\\\/\\\/diaper-dreams.fr\\\/wp-content\\\/uploads\\\/2026\\\/04\\\/img_0843-2-768x1024.jpg\",\"datePublished\":\"2025-01-28T21:27:09+00:00\",\"dateModified\":\"2026-04-15T15:10:32+00:00\",\"description\":\"Rejoignez la Kinky Diaper Party (KDP) \u00e0 Rennes, un \u00e9v\u00e9nement ABDL inclusif o\u00f9 tous les kinks sont les bienvenus. D\u00e9couvrez des shows, des jeux, un dancefloor et un espace d\u00e9di\u00e9 aux cr\u00e9ations kinky et ABDL. Un lieu s\u00fbr, respectueux et fun pour explorer vos d\u00e9sirs.\",\"breadcrumb\":{\"@id\":\"https:\\\/\\\/diaper-dreams.fr\\\/kdp-redirect\\\/kdp\\\/#breadcrumb\"},\"inLanguage\":\"en-US\",\"potentialAction\":[{\"@type\":\"ReadAction\",\"target\":[\"https:\\\/\\\/diaper-dreams.fr\\\/kdp-redirect\\\/kdp\\\/\"]}]},{\"@type\":\"ImageObject\",\"inLanguage\":\"en-US\",\"@id\":\"https:\\\/\\\/diaper-dreams.fr\\\/kdp-redirect\\\/kdp\\\/#primaryimage\",\"url\":\"https:\\\/\\\/diaper-dreams.fr\\\/wp-content\\\/uploads\\\/2026\\\/04\\\/img_0843-2-768x1024.jpg\",\"contentUrl\":\"https:\\\/\\\/diaper-dreams.fr\\\/wp-content\\\/uploads\\\/2026\\\/04\\\/img_0843-2-768x1024.jpg\"},{\"@type\":\"BreadcrumbList\",\"@id\":\"https:\\\/\\\/diaper-dreams.fr\\\/kdp-redirect\\\/kdp\\\/#breadcrumb\",\"itemListElement\":[{\"@type\":\"ListItem\",\"position\":1,\"name\":\"Home\",\"item\":\"https:\\\/\\\/diaper-dreams.fr\\\/\"},{\"@type\":\"ListItem\",\"position\":2,\"name\":\"kdp-redirect\",\"item\":\"https:\\\/\\\/diaper-dreams.fr\\\/kdp-redirect\\\/\"},{\"@type\":\"ListItem\",\"position\":3,\"name\":\"Kinky Diaper Party\"}]},{\"@type\":\"WebSite\",\"@id\":\"https:\\\/\\\/diaper-dreams.fr\\\/#website\",\"url\":\"https:\\\/\\\/diaper-dreams.fr\\\/\",\"name\":\"Diaper Dreams\",\"description\":\"L&#039;Univers ABDL - Ressources, Conseils et \u00c9v\u00e9nements\",\"publisher\":{\"@id\":\"https:\\\/\\\/diaper-dreams.fr\\\/#organization\"},\"potentialAction\":[{\"@type\":\"SearchAction\",\"target\":{\"@type\":\"EntryPoint\",\"urlTemplate\":\"https:\\\/\\\/diaper-dreams.fr\\\/?s={search_term_string}\"},\"query-input\":{\"@type\":\"PropertyValueSpecification\",\"valueRequired\":true,\"valueName\":\"search_term_string\"}}],\"inLanguage\":\"en-US\"},{\"@type\":\"Organization\",\"@id\":\"https:\\\/\\\/diaper-dreams.fr\\\/#organization\",\"name\":\"Diaper Dreams\",\"url\":\"https:\\\/\\\/diaper-dreams.fr\\\/\",\"logo\":{\"@type\":\"ImageObject\",\"inLanguage\":\"en-US\",\"@id\":\"https:\\\/\\\/diaper-dreams.fr\\\/#\\\/schema\\\/logo\\\/image\\\/\",\"url\":\"https:\\\/\\\/i0.wp.com\\\/diaper-dreams.fr\\\/wp-content\\\/uploads\\\/2025\\\/09\\\/cropped-logo-dreams-20250920071558_original.png?fit=1998%2C1111&ssl=1\",\"contentUrl\":\"https:\\\/\\\/i0.wp.com\\\/diaper-dreams.fr\\\/wp-content\\\/uploads\\\/2025\\\/09\\\/cropped-logo-dreams-20250920071558_original.png?fit=1998%2C1111&ssl=1\",\"width\":1998,\"height\":1111,\"caption\":\"Diaper Dreams\"},\"image\":{\"@id\":\"https:\\\/\\\/diaper-dreams.fr\\\/#\\\/schema\\\/logo\\\/image\\\/\"},\"sameAs\":[\"https:\\\/\\\/www.instagram.com\\\/abdl_fr_breizh\\\/\",\"https:\\\/\\\/linktr.ee\\\/abdl_breizh\"]}]}<\/script>\n<!-- \/ Yoast SEO plugin. -->","yoast_head_json":{"title":"Kinky Diaper Party - Diaper Dreams","description":"Join the Kinky Diaper Party (KDP) in Rennes, an inclusive ABDL event where all kinks are welcome. Experience shows, games, a dance floor, and a space dedicated to kinky and ABDL creations. A safe, respectful, and fun place to explore your desires.","robots":{"index":"index","follow":"follow","max-snippet":"max-snippet:-1","max-image-preview":"max-image-preview:large","max-video-preview":"max-video-preview:-1"},"canonical":"https:\/\/diaper-dreams.fr\/en\/kdp-redirect\/kdp\/","og_locale":"en_US","og_type":"article","og_title":"Kinky Diaper Party - Diaper Dreams","og_description":"Rejoignez la Kinky Diaper Party (KDP) \u00e0 Rennes, un \u00e9v\u00e9nement ABDL inclusif o\u00f9 tous les kinks sont les bienvenus. D\u00e9couvrez des shows, des jeux, un dancefloor et un espace d\u00e9di\u00e9 aux cr\u00e9ations kinky et ABDL. Un lieu s\u00fbr, respectueux et fun pour explorer vos d\u00e9sirs.","og_url":"https:\/\/diaper-dreams.fr\/en\/kdp-redirect\/kdp\/","og_site_name":"Diaper Dreams","article_publisher":"https:\/\/www.instagram.com\/abdl_fr_breizh\/","article_modified_time":"2026-04-15T15:10:32+00:00","og_image":[{"url":"https:\/\/diaper-dreams.fr\/wp-content\/uploads\/2026\/04\/img_0843-2-768x1024.jpg","type":"","width":"","height":""}],"twitter_card":"summary_large_image","twitter_misc":{"Est. reading time":"6 minutes"},"schema":{"@context":"https:\/\/schema.org","@graph":[{"@type":"WebPage","@id":"https:\/\/diaper-dreams.fr\/kdp-redirect\/kdp\/","url":"https:\/\/diaper-dreams.fr\/kdp-redirect\/kdp\/","name":"Kinky Diaper Party - Diaper Dreams","isPartOf":{"@id":"https:\/\/diaper-dreams.fr\/#website"},"primaryImageOfPage":{"@id":"https:\/\/diaper-dreams.fr\/kdp-redirect\/kdp\/#primaryimage"},"image":{"@id":"https:\/\/diaper-dreams.fr\/kdp-redirect\/kdp\/#primaryimage"},"thumbnailUrl":"https:\/\/diaper-dreams.fr\/wp-content\/uploads\/2026\/04\/img_0843-2-768x1024.jpg","datePublished":"2025-01-28T21:27:09+00:00","dateModified":"2026-04-15T15:10:32+00:00","description":"Join the Kinky Diaper Party (KDP) in Rennes, an inclusive ABDL event where all kinks are welcome. Experience shows, games, a dance floor, and a space dedicated to kinky and ABDL creations. A safe, respectful, and fun place to explore your desires.","breadcrumb":{"@id":"https:\/\/diaper-dreams.fr\/kdp-redirect\/kdp\/#breadcrumb"},"inLanguage":"en-US","potentialAction":[{"@type":"ReadAction","target":["https:\/\/diaper-dreams.fr\/kdp-redirect\/kdp\/"]}]},{"@type":"ImageObject","inLanguage":"en-US","@id":"https:\/\/diaper-dreams.fr\/kdp-redirect\/kdp\/#primaryimage","url":"https:\/\/diaper-dreams.fr\/wp-content\/uploads\/2026\/04\/img_0843-2-768x1024.jpg","contentUrl":"https:\/\/diaper-dreams.fr\/wp-content\/uploads\/2026\/04\/img_0843-2-768x1024.jpg"},{"@type":"BreadcrumbList","@id":"https:\/\/diaper-dreams.fr\/kdp-redirect\/kdp\/#breadcrumb","itemListElement":[{"@type":"ListItem","position":1,"name":"Home","item":"https:\/\/diaper-dreams.fr\/"},{"@type":"ListItem","position":2,"name":"kdp-redirect","item":"https:\/\/diaper-dreams.fr\/kdp-redirect\/"},{"@type":"ListItem","position":3,"name":"Kinky Diaper Party"}]},{"@type":"WebSite","@id":"https:\/\/diaper-dreams.fr\/#website","url":"https:\/\/diaper-dreams.fr\/","name":"Diaper Dreams","description":"ABDL Universe - Resources, Tips and Events","publisher":{"@id":"https:\/\/diaper-dreams.fr\/#organization"},"potentialAction":[{"@type":"SearchAction","target":{"@type":"EntryPoint","urlTemplate":"https:\/\/diaper-dreams.fr\/?s={search_term_string}"},"query-input":{"@type":"PropertyValueSpecification","valueRequired":true,"valueName":"search_term_string"}}],"inLanguage":"en-US"},{"@type":"Organization","@id":"https:\/\/diaper-dreams.fr\/#organization","name":"Diaper Dreams","url":"https:\/\/diaper-dreams.fr\/","logo":{"@type":"ImageObject","inLanguage":"en-US","@id":"https:\/\/diaper-dreams.fr\/#\/schema\/logo\/image\/","url":"https:\/\/i0.wp.com\/diaper-dreams.fr\/wp-content\/uploads\/2025\/09\/cropped-logo-dreams-20250920071558_original.png?fit=1998%2C1111&ssl=1","contentUrl":"https:\/\/i0.wp.com\/diaper-dreams.fr\/wp-content\/uploads\/2025\/09\/cropped-logo-dreams-20250920071558_original.png?fit=1998%2C1111&ssl=1","width":1998,"height":1111,"caption":"Diaper Dreams"},"image":{"@id":"https:\/\/diaper-dreams.fr\/#\/schema\/logo\/image\/"},"sameAs":["https:\/\/www.instagram.com\/abdl_fr_breizh\/","https:\/\/linktr.ee\/abdl_breizh"]}]}},"jetpack_sharing_enabled":true,"_links":{"self":[{"href":"https:\/\/diaper-dreams.fr\/en\/wp-json\/wp\/v2\/pages\/309","targetHints":{"allow":["GET"]}}],"collection":[{"href":"https:\/\/diaper-dreams.fr\/en\/wp-json\/wp\/v2\/pages"}],"about":[{"href":"https:\/\/diaper-dreams.fr\/en\/wp-json\/wp\/v2\/types\/page"}],"author":[{"embeddable":true,"href":"https:\/\/diaper-dreams.fr\/en\/wp-json\/wp\/v2\/users\/1"}],"replies":[{"embeddable":true,"href":"https:\/\/diaper-dreams.fr\/en\/wp-json\/wp\/v2\/comments?post=309"}],"version-history":[{"count":74,"href":"https:\/\/diaper-dreams.fr\/en\/wp-json\/wp\/v2\/pages\/309\/revisions"}],"predecessor-version":[{"id":1397,"href":"https:\/\/diaper-dreams.fr\/en\/wp-json\/wp\/v2\/pages\/309\/revisions\/1397"}],"up":[{"embeddable":true,"href":"https:\/\/diaper-dreams.fr\/en\/wp-json\/wp\/v2\/pages\/421"}],"wp:attachment":[{"href":"https:\/\/diaper-dreams.fr\/en\/wp-json\/wp\/v2\/media?parent=309"}],"curies":[{"name":"wp","href":"https:\/\/api.w.org\/{rel}","templated":true}]}}